{"id":99,"date":"2023-07-08T14:47:05","date_gmt":"2023-07-08T12:47:05","guid":{"rendered":"https:\/\/rudasrend.hu\/?page_id=99"},"modified":"2023-07-08T15:07:44","modified_gmt":"2023-07-08T13:07:44","slug":"2020-02-13","status":"publish","type":"page","link":"http:\/\/rudasrend.hu\/?page_id=99","title":{"rendered":"2020.02.13."},"content":{"rendered":"\n<p>Hal\u00e1la \u00e9vfordul\u00f3j\u00e1n a Rudas-rend tagjai felkerest\u00e9k Rudas Ferenc \u00daj k\u00f6ztemet\u0151ben lev\u0151 nyughely\u00e9t.\u00a0<strong>Tobak Csaba<\/strong>\u00a0m\u00e9ltatta Feri b\u00e1csi \u00e9let\u00fatj\u00e1t,\u00a0<strong>H\u00e9liszJ\u00f3zsef<\/strong>\u00a0pedig a Rudas-rend l\u00e9trehoz\u00e1s\u00e1nak a t\u00f6rt\u00e9net\u00e9t eleven\u00edtette fel.\u00a0<img loading=\"lazy\" decoding=\"async\" width=\"650\" height=\"336\" class=\"wp-image-100\" style=\"width: 650px;\" src=\"http:\/\/rudasrend.hu\/wp-content\/uploads\/2023\/07\/RR-20200213.jpg\" alt=\"\" srcset=\"http:\/\/rudasrend.hu\/wp-content\/uploads\/2023\/07\/RR-20200213.jpg 800w, http:\/\/rudasrend.hu\/wp-content\/uploads\/2023\/07\/RR-20200213-300x155.jpg 300w, http:\/\/rudasrend.hu\/wp-content\/uploads\/2023\/07\/RR-20200213-768x396.jpg 768w, http:\/\/rudasrend.hu\/wp-content\/uploads\/2023\/07\/RR-20200213-500x258.jpg 500w\" sizes=\"auto, (max-width: 650px) 100vw, 650px\" \/><\/p>\n\n\n\n<p>Ezt k\u00f6vet\u0151en\u00a0<strong>Kopeczky Lajos<\/strong>\u00a0helyezte el a s\u00edron Rend koszor\u00faj\u00e1t. <img loading=\"lazy\" decoding=\"async\" width=\"325\" height=\"421\" class=\"wp-image-101\" style=\"width: 325px;\" src=\"http:\/\/rudasrend.hu\/wp-content\/uploads\/2023\/07\/RR-20200213-2.jpg\" alt=\"\" srcset=\"http:\/\/rudasrend.hu\/wp-content\/uploads\/2023\/07\/RR-20200213-2.jpg 618w, http:\/\/rudasrend.hu\/wp-content\/uploads\/2023\/07\/RR-20200213-2-232x300.jpg 232w\" sizes=\"auto, (max-width: 325px) 100vw, 325px\" \/><\/p>\n","protected":false},"excerpt":{"rendered":"<p>Hal\u00e1la \u00e9vfordul\u00f3j\u00e1n a Rudas-rend tagjai felkerest\u00e9k Rudas Ferenc \u00daj k\u00f6ztemet\u0151ben lev\u0151 nyughely\u00e9t.\u00a0Tobak Csaba\u00a0m\u00e9ltatta Feri b\u00e1csi \u00e9let\u00fatj\u00e1t,\u00a0H\u00e9liszJ\u00f3zsef\u00a0pedig a Rudas-rend l\u00e9trehoz\u00e1s\u00e1nak a t\u00f6rt\u00e9net\u00e9t eleven\u00edtette fel.\u00a0 Ezt k\u00f6vet\u0151en\u00a0Kopeczky Lajos\u00a0helyezte el a s\u00edron Rend koszor\u00faj\u00e1t.<\/p>\n","protected":false},"author":1,"featured_media":0,"parent":72,"menu_order":4,"comment_status":"closed","ping_status":"closed","template":"","meta":{"_monsterinsights_skip_tracking":false,"_monsterinsights_sitenote_active":false,"_monsterinsights_sitenote_note":"","_monsterinsights_sitenote_category":0,"footnotes":""},"class_list":["post-99","page","type-page","status-publish","hentry"],"yoast_head":"<!-- This site is optimized with the Yoast SEO plugin v26.7 - https:\/\/yoast.com\/wordpress\/plugins\/seo\/ -->\n<title>2020.02.13. - Rudas-rend<\/title>\n<meta name=\"robots\" content=\"index, follow, max-snippet:-1, max-image-preview:large, max-video-preview:-1\" \/>\n<link rel=\"canonical\" href=\"http:\/\/rudasrend.hu\/?page_id=99\" \/>\n<meta property=\"og:locale\" content=\"hu_HU\" \/>\n<meta property=\"og:type\" content=\"article\" \/>\n<meta property=\"og:title\" content=\"2020.02.13. - Rudas-rend\" \/>\n<meta property=\"og:description\" content=\"Hal\u00e1la \u00e9vfordul\u00f3j\u00e1n a Rudas-rend tagjai felkerest\u00e9k Rudas Ferenc \u00daj k\u00f6ztemet\u0151ben lev\u0151 nyughely\u00e9t.\u00a0Tobak Csaba\u00a0m\u00e9ltatta Feri b\u00e1csi \u00e9let\u00fatj\u00e1t,\u00a0H\u00e9liszJ\u00f3zsef\u00a0pedig a Rudas-rend l\u00e9trehoz\u00e1s\u00e1nak a t\u00f6rt\u00e9net\u00e9t eleven\u00edtette fel.\u00a0 Ezt k\u00f6vet\u0151en\u00a0Kopeczky Lajos\u00a0helyezte el a s\u00edron Rend koszor\u00faj\u00e1t.\" \/>\n<meta property=\"og:url\" content=\"http:\/\/rudasrend.hu\/?page_id=99\" \/>\n<meta property=\"og:site_name\" content=\"Rudas-rend\" \/>\n<meta property=\"article:modified_time\" content=\"2023-07-08T13:07:44+00:00\" \/>\n<meta property=\"og:image\" content=\"http:\/\/rudasrend.hu\/wp-content\/uploads\/2023\/07\/RR-20200213.jpg\" \/>\n<meta name=\"twitter:card\" content=\"summary_large_image\" \/>\n<meta name=\"twitter:label1\" content=\"Becs\u00fclt olvas\u00e1si id\u0151\" \/>\n\t<meta name=\"twitter:data1\" content=\"1 perc\" \/>\n<script type=\"application\/ld+json\" class=\"yoast-schema-graph\">{\"@context\":\"https:\/\/schema.org\",\"@graph\":[{\"@type\":\"WebPage\",\"@id\":\"http:\/\/rudasrend.hu\/?page_id=99\",\"url\":\"http:\/\/rudasrend.hu\/?page_id=99\",\"name\":\"2020.02.13. - Rudas-rend\",\"isPartOf\":{\"@id\":\"https:\/\/rudasrend.hu\/#website\"},\"primaryImageOfPage\":{\"@id\":\"http:\/\/rudasrend.hu\/?page_id=99#primaryimage\"},\"image\":{\"@id\":\"http:\/\/rudasrend.hu\/?page_id=99#primaryimage\"},\"thumbnailUrl\":\"http:\/\/rudasrend.hu\/wp-content\/uploads\/2023\/07\/RR-20200213.jpg\",\"datePublished\":\"2023-07-08T12:47:05+00:00\",\"dateModified\":\"2023-07-08T13:07:44+00:00\",\"breadcrumb\":{\"@id\":\"http:\/\/rudasrend.hu\/?page_id=99#breadcrumb\"},\"inLanguage\":\"hu\",\"potentialAction\":[{\"@type\":\"ReadAction\",\"target\":[\"http:\/\/rudasrend.hu\/?page_id=99\"]}]},{\"@type\":\"ImageObject\",\"inLanguage\":\"hu\",\"@id\":\"http:\/\/rudasrend.hu\/?page_id=99#primaryimage\",\"url\":\"http:\/\/rudasrend.hu\/wp-content\/uploads\/2023\/07\/RR-20200213.jpg\",\"contentUrl\":\"http:\/\/rudasrend.hu\/wp-content\/uploads\/2023\/07\/RR-20200213.jpg\"},{\"@type\":\"BreadcrumbList\",\"@id\":\"http:\/\/rudasrend.hu\/?page_id=99#breadcrumb\",\"itemListElement\":[{\"@type\":\"ListItem\",\"position\":1,\"name\":\"Home\",\"item\":\"https:\/\/rudasrend.hu\/\"},{\"@type\":\"ListItem\",\"position\":2,\"name\":\"Tal\u00e1lkoz\u00f3k\",\"item\":\"https:\/\/rudasrend.hu\/?page_id=72\"},{\"@type\":\"ListItem\",\"position\":3,\"name\":\"2020.02.13.\"}]},{\"@type\":\"WebSite\",\"@id\":\"https:\/\/rudasrend.hu\/#website\",\"url\":\"https:\/\/rudasrend.hu\/\",\"name\":\"Rudas-rend\",\"description\":\"\",\"potentialAction\":[{\"@type\":\"SearchAction\",\"target\":{\"@type\":\"EntryPoint\",\"urlTemplate\":\"https:\/\/rudasrend.hu\/?s={search_term_string}\"},\"query-input\":{\"@type\":\"PropertyValueSpecification\",\"valueRequired\":true,\"valueName\":\"search_term_string\"}}],\"inLanguage\":\"hu\"}]}<\/script>\n<!-- \/ Yoast SEO plugin. -->","yoast_head_json":{"title":"2020.02.13. - Rudas-rend","robots":{"index":"index","follow":"follow","max-snippet":"max-snippet:-1","max-image-preview":"max-image-preview:large","max-video-preview":"max-video-preview:-1"},"canonical":"http:\/\/rudasrend.hu\/?page_id=99","og_locale":"hu_HU","og_type":"article","og_title":"2020.02.13. - Rudas-rend","og_description":"Hal\u00e1la \u00e9vfordul\u00f3j\u00e1n a Rudas-rend tagjai felkerest\u00e9k Rudas Ferenc \u00daj k\u00f6ztemet\u0151ben lev\u0151 nyughely\u00e9t.\u00a0Tobak Csaba\u00a0m\u00e9ltatta Feri b\u00e1csi \u00e9let\u00fatj\u00e1t,\u00a0H\u00e9liszJ\u00f3zsef\u00a0pedig a Rudas-rend l\u00e9trehoz\u00e1s\u00e1nak a t\u00f6rt\u00e9net\u00e9t eleven\u00edtette fel.\u00a0 Ezt k\u00f6vet\u0151en\u00a0Kopeczky Lajos\u00a0helyezte el a s\u00edron Rend koszor\u00faj\u00e1t.","og_url":"http:\/\/rudasrend.hu\/?page_id=99","og_site_name":"Rudas-rend","article_modified_time":"2023-07-08T13:07:44+00:00","og_image":[{"url":"http:\/\/rudasrend.hu\/wp-content\/uploads\/2023\/07\/RR-20200213.jpg","type":"","width":"","height":""}],"twitter_card":"summary_large_image","twitter_misc":{"Becs\u00fclt olvas\u00e1si id\u0151":"1 perc"},"schema":{"@context":"https:\/\/schema.org","@graph":[{"@type":"WebPage","@id":"http:\/\/rudasrend.hu\/?page_id=99","url":"http:\/\/rudasrend.hu\/?page_id=99","name":"2020.02.13. - Rudas-rend","isPartOf":{"@id":"https:\/\/rudasrend.hu\/#website"},"primaryImageOfPage":{"@id":"http:\/\/rudasrend.hu\/?page_id=99#primaryimage"},"image":{"@id":"http:\/\/rudasrend.hu\/?page_id=99#primaryimage"},"thumbnailUrl":"http:\/\/rudasrend.hu\/wp-content\/uploads\/2023\/07\/RR-20200213.jpg","datePublished":"2023-07-08T12:47:05+00:00","dateModified":"2023-07-08T13:07:44+00:00","breadcrumb":{"@id":"http:\/\/rudasrend.hu\/?page_id=99#breadcrumb"},"inLanguage":"hu","potentialAction":[{"@type":"ReadAction","target":["http:\/\/rudasrend.hu\/?page_id=99"]}]},{"@type":"ImageObject","inLanguage":"hu","@id":"http:\/\/rudasrend.hu\/?page_id=99#primaryimage","url":"http:\/\/rudasrend.hu\/wp-content\/uploads\/2023\/07\/RR-20200213.jpg","contentUrl":"http:\/\/rudasrend.hu\/wp-content\/uploads\/2023\/07\/RR-20200213.jpg"},{"@type":"BreadcrumbList","@id":"http:\/\/rudasrend.hu\/?page_id=99#breadcrumb","itemListElement":[{"@type":"ListItem","position":1,"name":"Home","item":"https:\/\/rudasrend.hu\/"},{"@type":"ListItem","position":2,"name":"Tal\u00e1lkoz\u00f3k","item":"https:\/\/rudasrend.hu\/?page_id=72"},{"@type":"ListItem","position":3,"name":"2020.02.13."}]},{"@type":"WebSite","@id":"https:\/\/rudasrend.hu\/#website","url":"https:\/\/rudasrend.hu\/","name":"Rudas-rend","description":"","potentialAction":[{"@type":"SearchAction","target":{"@type":"EntryPoint","urlTemplate":"https:\/\/rudasrend.hu\/?s={search_term_string}"},"query-input":{"@type":"PropertyValueSpecification","valueRequired":true,"valueName":"search_term_string"}}],"inLanguage":"hu"}]}},"_links":{"self":[{"href":"http:\/\/rudasrend.hu\/index.php?rest_route=\/wp\/v2\/pages\/99","targetHints":{"allow":["GET"]}}],"collection":[{"href":"http:\/\/rudasrend.hu\/index.php?rest_route=\/wp\/v2\/pages"}],"about":[{"href":"http:\/\/rudasrend.hu\/index.php?rest_route=\/wp\/v2\/types\/page"}],"author":[{"embeddable":true,"href":"http:\/\/rudasrend.hu\/index.php?rest_route=\/wp\/v2\/users\/1"}],"replies":[{"embeddable":true,"href":"http:\/\/rudasrend.hu\/index.php?rest_route=%2Fwp%2Fv2%2Fcomments&post=99"}],"version-history":[{"count":2,"href":"http:\/\/rudasrend.hu\/index.php?rest_route=\/wp\/v2\/pages\/99\/revisions"}],"predecessor-version":[{"id":103,"href":"http:\/\/rudasrend.hu\/index.php?rest_route=\/wp\/v2\/pages\/99\/revisions\/103"}],"up":[{"embeddable":true,"href":"http:\/\/rudasrend.hu\/index.php?rest_route=\/wp\/v2\/pages\/72"}],"wp:attachment":[{"href":"http:\/\/rudasrend.hu\/index.php?rest_route=%2Fwp%2Fv2%2Fmedia&parent=99"}],"curies":[{"name":"wp","href":"https:\/\/api.w.org\/{rel}","templated":true}]}}