{"id":105,"date":"2023-07-08T14:55:03","date_gmt":"2023-07-08T12:55:03","guid":{"rendered":"https:\/\/rudasrend.hu\/?page_id=105"},"modified":"2023-07-08T14:55:04","modified_gmt":"2023-07-08T12:55:04","slug":"2017-02-13","status":"publish","type":"page","link":"https:\/\/rudasrend.hu\/?page_id=105","title":{"rendered":"2017.02.13."},"content":{"rendered":"\n<p>Az \u00e9ppen aktu\u00e1lis m\u00e9rk\u0151z\u00e9s, a Honv\u00e9d elleni kupameccs el\u0151tt, a r\u00f3la elnevezett skyboxban,\u00a0<strong>Rudas Ferenc<\/strong>\u00a0hal\u00e1l\u00e1nak egy \u00e9ves \u00e9vfordul\u00f3j\u00e1n az\u00a0<em>FTC Bar\u00e1ti K\u00f6r<\/em>\u00a0\u00e9s a\u00a0<em>Rudas-rend<\/em>\u00a0k\u00e9pvisel\u0151i, valamint a boxot b\u00e9rl\u0151 szponzorok egy kis megeml\u00e9kez\u00e9st tartottak.<\/p>\n\n\n\n<p><strong>H\u00e9lisz J\u00f3zsef<\/strong>, a Bar\u00e1ti K\u00f6r f\u0151titk\u00e1ra r\u00f6viden megeml\u00e9kezett a fradizmus nagy ikonj\u00e1r\u00f3l, Rudas Ferencr\u0151l, aki \u2013 \u00e9rz\u00e9se szerint \u2013 most egy vid\u00e9ki eml\u00e9km\u0171 aktualiz\u00e1lt felirat\u00e1val \u00fczen nek\u00fcnk:<\/p>\n\n\n\n<p><em>\u201eLegyen \u00e1ldott a k\u00f6nny, mely \u00e9rtem hullatott,<br>Az ima, melyet holtan is meg\u00e9rzek.<br>J\u00f3 a csillagok k\u00f6zt, egy seb m\u00e9gis f\u00e1j ott:<br>Hozz\u00e1tok l\u00e9tre az egys\u00e9ges Fradi t\u00e1bort!\u201d<\/em> <img loading=\"lazy\" decoding=\"async\" width=\"650\" height=\"473\" class=\"wp-image-106\" style=\"width: 650px;\" src=\"http:\/\/rudasrend.hu\/wp-content\/uploads\/2023\/07\/RR-20170213.jpg\" alt=\"\" srcset=\"https:\/\/rudasrend.hu\/wp-content\/uploads\/2023\/07\/RR-20170213.jpg 800w, https:\/\/rudasrend.hu\/wp-content\/uploads\/2023\/07\/RR-20170213-300x218.jpg 300w, https:\/\/rudasrend.hu\/wp-content\/uploads\/2023\/07\/RR-20170213-768x559.jpg 768w, https:\/\/rudasrend.hu\/wp-content\/uploads\/2023\/07\/RR-20170213-412x300.jpg 412w\" sizes=\"auto, (max-width: 650px) 100vw, 650px\" \/><\/p>\n\n\n\n<p><\/p>\n","protected":false},"excerpt":{"rendered":"<p>Az \u00e9ppen aktu\u00e1lis m\u00e9rk\u0151z\u00e9s, a Honv\u00e9d elleni kupameccs el\u0151tt, a r\u00f3la elnevezett skyboxban,\u00a0Rudas Ferenc\u00a0hal\u00e1l\u00e1nak egy \u00e9ves \u00e9vfordul\u00f3j\u00e1n az\u00a0FTC Bar\u00e1ti K\u00f6r\u00a0\u00e9s a\u00a0Rudas-rend\u00a0k\u00e9pvisel\u0151i, valamint a boxot b\u00e9rl\u0151 szponzorok egy kis megeml\u00e9kez\u00e9st tartottak. H\u00e9lisz J\u00f3zsef, a Bar\u00e1ti K\u00f6r f\u0151titk\u00e1ra r\u00f6viden megeml\u00e9kezett a fradizmus &hellip; <a href=\"https:\/\/rudasrend.hu\/?page_id=105\">Egy kattint\u00e1s ide a folytat\u00e1shoz&#8230;. <span class=\"meta-nav\">&rarr;<\/span><\/a><\/p>\n","protected":false},"author":1,"featured_media":0,"parent":72,"menu_order":3,"comment_status":"closed","ping_status":"closed","template":"","meta":{"_monsterinsights_skip_tracking":false,"_monsterinsights_sitenote_active":false,"_monsterinsights_sitenote_note":"","_monsterinsights_sitenote_category":0,"footnotes":""},"class_list":["post-105","page","type-page","status-publish","hentry"],"yoast_head":"<!-- This site is optimized with the Yoast SEO plugin v26.7 - https:\/\/yoast.com\/wordpress\/plugins\/seo\/ -->\n<title>2017.02.13. - Rudas-rend<\/title>\n<meta name=\"robots\" content=\"index, follow, max-snippet:-1, max-image-preview:large, max-video-preview:-1\" \/>\n<link rel=\"canonical\" href=\"http:\/\/rudasrend.hu\/?page_id=105\" \/>\n<meta property=\"og:locale\" content=\"hu_HU\" \/>\n<meta property=\"og:type\" content=\"article\" \/>\n<meta property=\"og:title\" content=\"2017.02.13. - Rudas-rend\" \/>\n<meta property=\"og:description\" content=\"Az \u00e9ppen aktu\u00e1lis m\u00e9rk\u0151z\u00e9s, a Honv\u00e9d elleni kupameccs el\u0151tt, a r\u00f3la elnevezett skyboxban,\u00a0Rudas Ferenc\u00a0hal\u00e1l\u00e1nak egy \u00e9ves \u00e9vfordul\u00f3j\u00e1n az\u00a0FTC Bar\u00e1ti K\u00f6r\u00a0\u00e9s a\u00a0Rudas-rend\u00a0k\u00e9pvisel\u0151i, valamint a boxot b\u00e9rl\u0151 szponzorok egy kis megeml\u00e9kez\u00e9st tartottak. H\u00e9lisz J\u00f3zsef, a Bar\u00e1ti K\u00f6r f\u0151titk\u00e1ra r\u00f6viden megeml\u00e9kezett a fradizmus &hellip; Egy kattint\u00e1s ide a folytat\u00e1shoz.... &rarr;\" \/>\n<meta property=\"og:url\" content=\"http:\/\/rudasrend.hu\/?page_id=105\" \/>\n<meta property=\"og:site_name\" content=\"Rudas-rend\" \/>\n<meta property=\"article:modified_time\" content=\"2023-07-08T12:55:04+00:00\" \/>\n<meta property=\"og:image\" content=\"http:\/\/rudasrend.hu\/wp-content\/uploads\/2023\/07\/RR-20170213.jpg\" \/>\n<meta name=\"twitter:card\" content=\"summary_large_image\" \/>\n<meta name=\"twitter:label1\" content=\"Becs\u00fclt olvas\u00e1si id\u0151\" \/>\n\t<meta name=\"twitter:data1\" content=\"1 perc\" \/>\n<script type=\"application\/ld+json\" class=\"yoast-schema-graph\">{\"@context\":\"https:\/\/schema.org\",\"@graph\":[{\"@type\":\"WebPage\",\"@id\":\"http:\/\/rudasrend.hu\/?page_id=105\",\"url\":\"http:\/\/rudasrend.hu\/?page_id=105\",\"name\":\"2017.02.13. - Rudas-rend\",\"isPartOf\":{\"@id\":\"https:\/\/rudasrend.hu\/#website\"},\"primaryImageOfPage\":{\"@id\":\"http:\/\/rudasrend.hu\/?page_id=105#primaryimage\"},\"image\":{\"@id\":\"http:\/\/rudasrend.hu\/?page_id=105#primaryimage\"},\"thumbnailUrl\":\"http:\/\/rudasrend.hu\/wp-content\/uploads\/2023\/07\/RR-20170213.jpg\",\"datePublished\":\"2023-07-08T12:55:03+00:00\",\"dateModified\":\"2023-07-08T12:55:04+00:00\",\"breadcrumb\":{\"@id\":\"http:\/\/rudasrend.hu\/?page_id=105#breadcrumb\"},\"inLanguage\":\"hu\",\"potentialAction\":[{\"@type\":\"ReadAction\",\"target\":[\"http:\/\/rudasrend.hu\/?page_id=105\"]}]},{\"@type\":\"ImageObject\",\"inLanguage\":\"hu\",\"@id\":\"http:\/\/rudasrend.hu\/?page_id=105#primaryimage\",\"url\":\"http:\/\/rudasrend.hu\/wp-content\/uploads\/2023\/07\/RR-20170213.jpg\",\"contentUrl\":\"http:\/\/rudasrend.hu\/wp-content\/uploads\/2023\/07\/RR-20170213.jpg\"},{\"@type\":\"BreadcrumbList\",\"@id\":\"http:\/\/rudasrend.hu\/?page_id=105#breadcrumb\",\"itemListElement\":[{\"@type\":\"ListItem\",\"position\":1,\"name\":\"Home\",\"item\":\"https:\/\/rudasrend.hu\/\"},{\"@type\":\"ListItem\",\"position\":2,\"name\":\"Tal\u00e1lkoz\u00f3k\",\"item\":\"https:\/\/rudasrend.hu\/?page_id=72\"},{\"@type\":\"ListItem\",\"position\":3,\"name\":\"2017.02.13.\"}]},{\"@type\":\"WebSite\",\"@id\":\"https:\/\/rudasrend.hu\/#website\",\"url\":\"https:\/\/rudasrend.hu\/\",\"name\":\"Rudas-rend\",\"description\":\"\",\"potentialAction\":[{\"@type\":\"SearchAction\",\"target\":{\"@type\":\"EntryPoint\",\"urlTemplate\":\"https:\/\/rudasrend.hu\/?s={search_term_string}\"},\"query-input\":{\"@type\":\"PropertyValueSpecification\",\"valueRequired\":true,\"valueName\":\"search_term_string\"}}],\"inLanguage\":\"hu\"}]}<\/script>\n<!-- \/ Yoast SEO plugin. -->","yoast_head_json":{"title":"2017.02.13. - Rudas-rend","robots":{"index":"index","follow":"follow","max-snippet":"max-snippet:-1","max-image-preview":"max-image-preview:large","max-video-preview":"max-video-preview:-1"},"canonical":"http:\/\/rudasrend.hu\/?page_id=105","og_locale":"hu_HU","og_type":"article","og_title":"2017.02.13. - Rudas-rend","og_description":"Az \u00e9ppen aktu\u00e1lis m\u00e9rk\u0151z\u00e9s, a Honv\u00e9d elleni kupameccs el\u0151tt, a r\u00f3la elnevezett skyboxban,\u00a0Rudas Ferenc\u00a0hal\u00e1l\u00e1nak egy \u00e9ves \u00e9vfordul\u00f3j\u00e1n az\u00a0FTC Bar\u00e1ti K\u00f6r\u00a0\u00e9s a\u00a0Rudas-rend\u00a0k\u00e9pvisel\u0151i, valamint a boxot b\u00e9rl\u0151 szponzorok egy kis megeml\u00e9kez\u00e9st tartottak. H\u00e9lisz J\u00f3zsef, a Bar\u00e1ti K\u00f6r f\u0151titk\u00e1ra r\u00f6viden megeml\u00e9kezett a fradizmus &hellip; Egy kattint\u00e1s ide a folytat\u00e1shoz.... &rarr;","og_url":"http:\/\/rudasrend.hu\/?page_id=105","og_site_name":"Rudas-rend","article_modified_time":"2023-07-08T12:55:04+00:00","og_image":[{"url":"http:\/\/rudasrend.hu\/wp-content\/uploads\/2023\/07\/RR-20170213.jpg","type":"","width":"","height":""}],"twitter_card":"summary_large_image","twitter_misc":{"Becs\u00fclt olvas\u00e1si id\u0151":"1 perc"},"schema":{"@context":"https:\/\/schema.org","@graph":[{"@type":"WebPage","@id":"http:\/\/rudasrend.hu\/?page_id=105","url":"http:\/\/rudasrend.hu\/?page_id=105","name":"2017.02.13. - Rudas-rend","isPartOf":{"@id":"https:\/\/rudasrend.hu\/#website"},"primaryImageOfPage":{"@id":"http:\/\/rudasrend.hu\/?page_id=105#primaryimage"},"image":{"@id":"http:\/\/rudasrend.hu\/?page_id=105#primaryimage"},"thumbnailUrl":"http:\/\/rudasrend.hu\/wp-content\/uploads\/2023\/07\/RR-20170213.jpg","datePublished":"2023-07-08T12:55:03+00:00","dateModified":"2023-07-08T12:55:04+00:00","breadcrumb":{"@id":"http:\/\/rudasrend.hu\/?page_id=105#breadcrumb"},"inLanguage":"hu","potentialAction":[{"@type":"ReadAction","target":["http:\/\/rudasrend.hu\/?page_id=105"]}]},{"@type":"ImageObject","inLanguage":"hu","@id":"http:\/\/rudasrend.hu\/?page_id=105#primaryimage","url":"http:\/\/rudasrend.hu\/wp-content\/uploads\/2023\/07\/RR-20170213.jpg","contentUrl":"http:\/\/rudasrend.hu\/wp-content\/uploads\/2023\/07\/RR-20170213.jpg"},{"@type":"BreadcrumbList","@id":"http:\/\/rudasrend.hu\/?page_id=105#breadcrumb","itemListElement":[{"@type":"ListItem","position":1,"name":"Home","item":"https:\/\/rudasrend.hu\/"},{"@type":"ListItem","position":2,"name":"Tal\u00e1lkoz\u00f3k","item":"https:\/\/rudasrend.hu\/?page_id=72"},{"@type":"ListItem","position":3,"name":"2017.02.13."}]},{"@type":"WebSite","@id":"https:\/\/rudasrend.hu\/#website","url":"https:\/\/rudasrend.hu\/","name":"Rudas-rend","description":"","potentialAction":[{"@type":"SearchAction","target":{"@type":"EntryPoint","urlTemplate":"https:\/\/rudasrend.hu\/?s={search_term_string}"},"query-input":{"@type":"PropertyValueSpecification","valueRequired":true,"valueName":"search_term_string"}}],"inLanguage":"hu"}]}},"_links":{"self":[{"href":"https:\/\/rudasrend.hu\/index.php?rest_route=\/wp\/v2\/pages\/105","targetHints":{"allow":["GET"]}}],"collection":[{"href":"https:\/\/rudasrend.hu\/index.php?rest_route=\/wp\/v2\/pages"}],"about":[{"href":"https:\/\/rudasrend.hu\/index.php?rest_route=\/wp\/v2\/types\/page"}],"author":[{"embeddable":true,"href":"https:\/\/rudasrend.hu\/index.php?rest_route=\/wp\/v2\/users\/1"}],"replies":[{"embeddable":true,"href":"https:\/\/rudasrend.hu\/index.php?rest_route=%2Fwp%2Fv2%2Fcomments&post=105"}],"version-history":[{"count":1,"href":"https:\/\/rudasrend.hu\/index.php?rest_route=\/wp\/v2\/pages\/105\/revisions"}],"predecessor-version":[{"id":107,"href":"https:\/\/rudasrend.hu\/index.php?rest_route=\/wp\/v2\/pages\/105\/revisions\/107"}],"up":[{"embeddable":true,"href":"https:\/\/rudasrend.hu\/index.php?rest_route=\/wp\/v2\/pages\/72"}],"wp:attachment":[{"href":"https:\/\/rudasrend.hu\/index.php?rest_route=%2Fwp%2Fv2%2Fmedia&parent=105"}],"curies":[{"name":"wp","href":"https:\/\/api.w.org\/{rel}","templated":true}]}}