{"id":249,"date":"2024-07-07T11:48:11","date_gmt":"2024-07-07T09:48:11","guid":{"rendered":"https:\/\/rudasrend.hu\/?page_id=249"},"modified":"2024-07-07T18:53:41","modified_gmt":"2024-07-07T16:53:41","slug":"2023-07-06-2","status":"publish","type":"page","link":"https:\/\/rudasrend.hu\/?page_id=249","title":{"rendered":"2024.07.05."},"content":{"rendered":"\r\n<p>A Rudas-rend alap\u00edt\u00f3ja, az FTC legend\u00e1s labdar\u00fag\u00f3ja, Rudas Ferenc 1921. j\u00falius 6-\u00e1n sz\u00fcletett. Sz\u00fclet\u00e9s\u00e9nek 103. \u00e9vfordul\u00f3ja alkalm\u00e1b\u00f3l a rend m\u0171k\u00f6d\u00e9si szab\u00e1lyzat\u00e1nak megfelel\u0151en a rend tagjai megkoszor\u00fazt\u00e1k az \u00daj K\u00f6ztemet\u0151ben lev\u0151 s\u00edrj\u00e1t. <strong>Huber Szebaszti\u00e1n<\/strong> korjegyz\u0151 r\u00f6vid megeml\u00e9kez\u0151 besz\u00e9de ut\u00e1n a megjelentek a Miaty\u00e1nk elim\u00e1dkoz\u00e1s\u00e1val gondoltak tisztelettel szeretett n\u00e9vad\u00f3jukra, Feri b\u00e1csira.<\/p>\r\n<p><img loading=\"lazy\" decoding=\"async\" class=\"alignnone wp-image-254 size-full\" src=\"http:\/\/rudasrend.hu\/wp-content\/uploads\/2024\/07\/RR-2024-3.jpg\" alt=\"\" width=\"650\" height=\"441\" srcset=\"https:\/\/rudasrend.hu\/wp-content\/uploads\/2024\/07\/RR-2024-3.jpg 650w, https:\/\/rudasrend.hu\/wp-content\/uploads\/2024\/07\/RR-2024-3-300x204.jpg 300w, https:\/\/rudasrend.hu\/wp-content\/uploads\/2024\/07\/RR-2024-3-442x300.jpg 442w\" sizes=\"auto, (max-width: 650px) 100vw, 650px\" \/><\/p>\r\n<p><img loading=\"lazy\" decoding=\"async\" class=\"alignnone size-full wp-image-257\" src=\"http:\/\/rudasrend.hu\/wp-content\/uploads\/2024\/07\/RR-2024-2-1.jpg\" alt=\"\" width=\"650\" height=\"553\" srcset=\"https:\/\/rudasrend.hu\/wp-content\/uploads\/2024\/07\/RR-2024-2-1.jpg 650w, https:\/\/rudasrend.hu\/wp-content\/uploads\/2024\/07\/RR-2024-2-1-300x255.jpg 300w, https:\/\/rudasrend.hu\/wp-content\/uploads\/2024\/07\/RR-2024-2-1-353x300.jpg 353w\" sizes=\"auto, (max-width: 650px) 100vw, 650px\" \/><\/p>\r\n<p>Ezt k\u00f6vet\u0151en a tagok sz\u00e1m\u00e1ra m\u00e1r t\u00f6rzshelynek sz\u00e1m\u00edt\u00f3 <em>Gulliver \u00c9tteremben<\/em> folytat\u00f3dott a megeml\u00e9kez\u00e9s. K\u00f6tetlen besz\u00e9lget\u00e9s form\u00e1j\u00e1ban elevenedett fel egy-egy r\u00e9gi fradis t\u00f6rt\u00e9net. <strong>Tobak Csaba<\/strong> bemutatta az FTC vezet\u00e9se \u00e1ltal a Rudas-rend k\u00f6z\u00f6ss\u00e9g\u00e9nek aj\u00e1nd\u00e9kozott \u00faj Macron-mezt. A felirat egy\u00e9rtelm\u0171en utal Rudas Ferenc v\u00e1logatotts\u00e1g\u00e1nak sz\u00e1m\u00e1ra, a Rudas-rend mindenkori tagl\u00e9tsz\u00e1m\u00e1ra, mintegy \u00f6sszek\u00f6t\u0151 kapcsot jelentve a m\u00falt \u00e9s a jelen k\u00f6z\u00f6tt.<\/p>\r\n<p><img loading=\"lazy\" decoding=\"async\" class=\"alignnone wp-image-252 size-full\" src=\"http:\/\/rudasrend.hu\/wp-content\/uploads\/2024\/07\/RR-2024-1.jpg\" alt=\"\" width=\"650\" height=\"365\" srcset=\"https:\/\/rudasrend.hu\/wp-content\/uploads\/2024\/07\/RR-2024-1.jpg 650w, https:\/\/rudasrend.hu\/wp-content\/uploads\/2024\/07\/RR-2024-1-300x168.jpg 300w, https:\/\/rudasrend.hu\/wp-content\/uploads\/2024\/07\/RR-2024-1-500x281.jpg 500w\" sizes=\"auto, (max-width: 650px) 100vw, 650px\" \/><\/p>\r\n<p>A j\u00f3\u00edz\u0171 eb\u00e9d elfogyaszt\u00e1sa \u00e9s a koccint\u00e1sok k\u00f6zben sor ker\u00fclt k\u00e9t tagt\u00e1rs, <strong>dr. Herm\u00e1ny Csaba<\/strong> \u00e9s <strong>Tobak Csaba<\/strong> n\u00e9vnapi k\u00f6sz\u00f6nt\u00e9s\u00e9re.<\/p>\r\n<p>A tal\u00e1lkoz\u00f3n tizenn\u00e9gyen tudtak r\u00e9szt venni.<\/p>\r\n\r\n\r\n","protected":false},"excerpt":{"rendered":"<p>A Rudas-rend alap\u00edt\u00f3ja, az FTC legend\u00e1s labdar\u00fag\u00f3ja, Rudas Ferenc 1921. j\u00falius 6-\u00e1n sz\u00fcletett. Sz\u00fclet\u00e9s\u00e9nek 103. \u00e9vfordul\u00f3ja alkalm\u00e1b\u00f3l a rend m\u0171k\u00f6d\u00e9si szab\u00e1lyzat\u00e1nak megfelel\u0151en a rend tagjai megkoszor\u00fazt\u00e1k az \u00daj K\u00f6ztemet\u0151ben lev\u0151 s\u00edrj\u00e1t. Huber Szebaszti\u00e1n korjegyz\u0151 r\u00f6vid megeml\u00e9kez\u0151 besz\u00e9de ut\u00e1n a megjelentek &hellip; <a href=\"https:\/\/rudasrend.hu\/?page_id=249\">Egy kattint\u00e1s ide a folytat\u00e1shoz&#8230;. <span class=\"meta-nav\">&rarr;<\/span><\/a><\/p>\n","protected":false},"author":1,"featured_media":0,"parent":72,"menu_order":10,"comment_status":"closed","ping_status":"closed","template":"","meta":{"_monsterinsights_skip_tracking":false,"_monsterinsights_sitenote_active":false,"_monsterinsights_sitenote_note":"","_monsterinsights_sitenote_category":0,"footnotes":""},"class_list":["post-249","page","type-page","status-publish","hentry"],"yoast_head":"<!-- This site is optimized with the Yoast SEO plugin v26.7 - https:\/\/yoast.com\/wordpress\/plugins\/seo\/ -->\n<title>2024.07.05. - Rudas-rend<\/title>\n<meta name=\"robots\" content=\"index, follow, max-snippet:-1, max-image-preview:large, max-video-preview:-1\" \/>\n<link rel=\"canonical\" href=\"https:\/\/rudasrend.hu\/?page_id=249\" \/>\n<meta property=\"og:locale\" content=\"hu_HU\" \/>\n<meta property=\"og:type\" content=\"article\" \/>\n<meta property=\"og:title\" content=\"2024.07.05. - Rudas-rend\" \/>\n<meta property=\"og:description\" content=\"A Rudas-rend alap\u00edt\u00f3ja, az FTC legend\u00e1s labdar\u00fag\u00f3ja, Rudas Ferenc 1921. j\u00falius 6-\u00e1n sz\u00fcletett. Sz\u00fclet\u00e9s\u00e9nek 103. \u00e9vfordul\u00f3ja alkalm\u00e1b\u00f3l a rend m\u0171k\u00f6d\u00e9si szab\u00e1lyzat\u00e1nak megfelel\u0151en a rend tagjai megkoszor\u00fazt\u00e1k az \u00daj K\u00f6ztemet\u0151ben lev\u0151 s\u00edrj\u00e1t. Huber Szebaszti\u00e1n korjegyz\u0151 r\u00f6vid megeml\u00e9kez\u0151 besz\u00e9de ut\u00e1n a megjelentek &hellip; Egy kattint\u00e1s ide a folytat\u00e1shoz.... &rarr;\" \/>\n<meta property=\"og:url\" content=\"https:\/\/rudasrend.hu\/?page_id=249\" \/>\n<meta property=\"og:site_name\" content=\"Rudas-rend\" \/>\n<meta property=\"article:modified_time\" content=\"2024-07-07T16:53:41+00:00\" \/>\n<meta property=\"og:image\" content=\"http:\/\/rudasrend.hu\/wp-content\/uploads\/2024\/07\/RR-2024-3.jpg\" \/>\n<meta name=\"twitter:card\" content=\"summary_large_image\" \/>\n<meta name=\"twitter:label1\" content=\"Becs\u00fclt olvas\u00e1si id\u0151\" \/>\n\t<meta name=\"twitter:data1\" content=\"2 perc\" \/>\n<script type=\"application\/ld+json\" class=\"yoast-schema-graph\">{\"@context\":\"https:\/\/schema.org\",\"@graph\":[{\"@type\":\"WebPage\",\"@id\":\"https:\/\/rudasrend.hu\/?page_id=249\",\"url\":\"https:\/\/rudasrend.hu\/?page_id=249\",\"name\":\"2024.07.05. - Rudas-rend\",\"isPartOf\":{\"@id\":\"https:\/\/rudasrend.hu\/#website\"},\"primaryImageOfPage\":{\"@id\":\"https:\/\/rudasrend.hu\/?page_id=249#primaryimage\"},\"image\":{\"@id\":\"https:\/\/rudasrend.hu\/?page_id=249#primaryimage\"},\"thumbnailUrl\":\"http:\/\/rudasrend.hu\/wp-content\/uploads\/2024\/07\/RR-2024-3.jpg\",\"datePublished\":\"2024-07-07T09:48:11+00:00\",\"dateModified\":\"2024-07-07T16:53:41+00:00\",\"breadcrumb\":{\"@id\":\"https:\/\/rudasrend.hu\/?page_id=249#breadcrumb\"},\"inLanguage\":\"hu\",\"potentialAction\":[{\"@type\":\"ReadAction\",\"target\":[\"https:\/\/rudasrend.hu\/?page_id=249\"]}]},{\"@type\":\"ImageObject\",\"inLanguage\":\"hu\",\"@id\":\"https:\/\/rudasrend.hu\/?page_id=249#primaryimage\",\"url\":\"https:\/\/rudasrend.hu\/wp-content\/uploads\/2024\/07\/RR-2024-3.jpg\",\"contentUrl\":\"https:\/\/rudasrend.hu\/wp-content\/uploads\/2024\/07\/RR-2024-3.jpg\",\"width\":650,\"height\":441},{\"@type\":\"BreadcrumbList\",\"@id\":\"https:\/\/rudasrend.hu\/?page_id=249#breadcrumb\",\"itemListElement\":[{\"@type\":\"ListItem\",\"position\":1,\"name\":\"Home\",\"item\":\"https:\/\/rudasrend.hu\/\"},{\"@type\":\"ListItem\",\"position\":2,\"name\":\"Tal\u00e1lkoz\u00f3k\",\"item\":\"https:\/\/rudasrend.hu\/?page_id=72\"},{\"@type\":\"ListItem\",\"position\":3,\"name\":\"2024.07.05.\"}]},{\"@type\":\"WebSite\",\"@id\":\"https:\/\/rudasrend.hu\/#website\",\"url\":\"https:\/\/rudasrend.hu\/\",\"name\":\"Rudas-rend\",\"description\":\"\",\"potentialAction\":[{\"@type\":\"SearchAction\",\"target\":{\"@type\":\"EntryPoint\",\"urlTemplate\":\"https:\/\/rudasrend.hu\/?s={search_term_string}\"},\"query-input\":{\"@type\":\"PropertyValueSpecification\",\"valueRequired\":true,\"valueName\":\"search_term_string\"}}],\"inLanguage\":\"hu\"}]}<\/script>\n<!-- \/ Yoast SEO plugin. -->","yoast_head_json":{"title":"2024.07.05. - Rudas-rend","robots":{"index":"index","follow":"follow","max-snippet":"max-snippet:-1","max-image-preview":"max-image-preview:large","max-video-preview":"max-video-preview:-1"},"canonical":"https:\/\/rudasrend.hu\/?page_id=249","og_locale":"hu_HU","og_type":"article","og_title":"2024.07.05. - Rudas-rend","og_description":"A Rudas-rend alap\u00edt\u00f3ja, az FTC legend\u00e1s labdar\u00fag\u00f3ja, Rudas Ferenc 1921. j\u00falius 6-\u00e1n sz\u00fcletett. Sz\u00fclet\u00e9s\u00e9nek 103. \u00e9vfordul\u00f3ja alkalm\u00e1b\u00f3l a rend m\u0171k\u00f6d\u00e9si szab\u00e1lyzat\u00e1nak megfelel\u0151en a rend tagjai megkoszor\u00fazt\u00e1k az \u00daj K\u00f6ztemet\u0151ben lev\u0151 s\u00edrj\u00e1t. Huber Szebaszti\u00e1n korjegyz\u0151 r\u00f6vid megeml\u00e9kez\u0151 besz\u00e9de ut\u00e1n a megjelentek &hellip; Egy kattint\u00e1s ide a folytat\u00e1shoz.... &rarr;","og_url":"https:\/\/rudasrend.hu\/?page_id=249","og_site_name":"Rudas-rend","article_modified_time":"2024-07-07T16:53:41+00:00","og_image":[{"url":"http:\/\/rudasrend.hu\/wp-content\/uploads\/2024\/07\/RR-2024-3.jpg","type":"","width":"","height":""}],"twitter_card":"summary_large_image","twitter_misc":{"Becs\u00fclt olvas\u00e1si id\u0151":"2 perc"},"schema":{"@context":"https:\/\/schema.org","@graph":[{"@type":"WebPage","@id":"https:\/\/rudasrend.hu\/?page_id=249","url":"https:\/\/rudasrend.hu\/?page_id=249","name":"2024.07.05. - Rudas-rend","isPartOf":{"@id":"https:\/\/rudasrend.hu\/#website"},"primaryImageOfPage":{"@id":"https:\/\/rudasrend.hu\/?page_id=249#primaryimage"},"image":{"@id":"https:\/\/rudasrend.hu\/?page_id=249#primaryimage"},"thumbnailUrl":"http:\/\/rudasrend.hu\/wp-content\/uploads\/2024\/07\/RR-2024-3.jpg","datePublished":"2024-07-07T09:48:11+00:00","dateModified":"2024-07-07T16:53:41+00:00","breadcrumb":{"@id":"https:\/\/rudasrend.hu\/?page_id=249#breadcrumb"},"inLanguage":"hu","potentialAction":[{"@type":"ReadAction","target":["https:\/\/rudasrend.hu\/?page_id=249"]}]},{"@type":"ImageObject","inLanguage":"hu","@id":"https:\/\/rudasrend.hu\/?page_id=249#primaryimage","url":"https:\/\/rudasrend.hu\/wp-content\/uploads\/2024\/07\/RR-2024-3.jpg","contentUrl":"https:\/\/rudasrend.hu\/wp-content\/uploads\/2024\/07\/RR-2024-3.jpg","width":650,"height":441},{"@type":"BreadcrumbList","@id":"https:\/\/rudasrend.hu\/?page_id=249#breadcrumb","itemListElement":[{"@type":"ListItem","position":1,"name":"Home","item":"https:\/\/rudasrend.hu\/"},{"@type":"ListItem","position":2,"name":"Tal\u00e1lkoz\u00f3k","item":"https:\/\/rudasrend.hu\/?page_id=72"},{"@type":"ListItem","position":3,"name":"2024.07.05."}]},{"@type":"WebSite","@id":"https:\/\/rudasrend.hu\/#website","url":"https:\/\/rudasrend.hu\/","name":"Rudas-rend","description":"","potentialAction":[{"@type":"SearchAction","target":{"@type":"EntryPoint","urlTemplate":"https:\/\/rudasrend.hu\/?s={search_term_string}"},"query-input":{"@type":"PropertyValueSpecification","valueRequired":true,"valueName":"search_term_string"}}],"inLanguage":"hu"}]}},"_links":{"self":[{"href":"https:\/\/rudasrend.hu\/index.php?rest_route=\/wp\/v2\/pages\/249","targetHints":{"allow":["GET"]}}],"collection":[{"href":"https:\/\/rudasrend.hu\/index.php?rest_route=\/wp\/v2\/pages"}],"about":[{"href":"https:\/\/rudasrend.hu\/index.php?rest_route=\/wp\/v2\/types\/page"}],"author":[{"embeddable":true,"href":"https:\/\/rudasrend.hu\/index.php?rest_route=\/wp\/v2\/users\/1"}],"replies":[{"embeddable":true,"href":"https:\/\/rudasrend.hu\/index.php?rest_route=%2Fwp%2Fv2%2Fcomments&post=249"}],"version-history":[{"count":3,"href":"https:\/\/rudasrend.hu\/index.php?rest_route=\/wp\/v2\/pages\/249\/revisions"}],"predecessor-version":[{"id":258,"href":"https:\/\/rudasrend.hu\/index.php?rest_route=\/wp\/v2\/pages\/249\/revisions\/258"}],"up":[{"embeddable":true,"href":"https:\/\/rudasrend.hu\/index.php?rest_route=\/wp\/v2\/pages\/72"}],"wp:attachment":[{"href":"https:\/\/rudasrend.hu\/index.php?rest_route=%2Fwp%2Fv2%2Fmedia&parent=249"}],"curies":[{"name":"wp","href":"https:\/\/api.w.org\/{rel}","templated":true}]}}