{"id":266,"date":"2024-12-04T17:41:00","date_gmt":"2024-12-04T16:41:00","guid":{"rendered":"https:\/\/rudasrend.hu\/?page_id=266"},"modified":"2024-12-04T17:41:00","modified_gmt":"2024-12-04T16:41:00","slug":"2023-07-06-2-2","status":"publish","type":"page","link":"https:\/\/rudasrend.hu\/?page_id=266","title":{"rendered":"2024.12.03."},"content":{"rendered":"\r\n<p style=\"font-weight: 400;\">Az FTC labdar\u00fag\u00f3-szakoszt\u00e1ly 124. sz\u00fclet\u00e9snapj\u00e1nak az FTC-MVM N\u00e9pligeti Sportk\u00f6zpontban tartott \u00fcnneps\u00e9g\u00e9n megh\u00edvottk\u00e9nt mi is, a Rudas-rend tagjai is r\u00e9szt vett\u00fcnk. A Borb\u00e1s-szobor avat\u00e1s\u00e1val <img loading=\"lazy\" decoding=\"async\" class=\"alignnone size-medium wp-image-267\" src=\"http:\/\/rudasrend.hu\/wp-content\/uploads\/2024\/12\/Borbas-Gaspar-szobor-300x200.jpg\" alt=\"\" width=\"300\" height=\"200\" srcset=\"https:\/\/rudasrend.hu\/wp-content\/uploads\/2024\/12\/Borbas-Gaspar-szobor-300x200.jpg 300w, https:\/\/rudasrend.hu\/wp-content\/uploads\/2024\/12\/Borbas-Gaspar-szobor-1024x684.jpg 1024w, https:\/\/rudasrend.hu\/wp-content\/uploads\/2024\/12\/Borbas-Gaspar-szobor-768x513.jpg 768w, https:\/\/rudasrend.hu\/wp-content\/uploads\/2024\/12\/Borbas-Gaspar-szobor-449x300.jpg 449w, https:\/\/rudasrend.hu\/wp-content\/uploads\/2024\/12\/Borbas-Gaspar-szobor.jpg 1421w\" sizes=\"auto, (max-width: 300px) 100vw, 300px\" \/>egybek\u00f6t\u00f6tt esem\u00e9ny ut\u00e1n \u00e1tvonultunk a Liget \u00e9tterembe, ahol december 3-a, Ferenc-nap alkalm\u00e1b\u00f3l bar\u00e1ti megbesz\u00e9l\u00e9s keret\u00e9ben megeml\u00e9kezt\u00fcnk rend\u00fcnk alap\u00edt\u00f3j\u00e1r\u00f3l \u00e9s n\u00e9vad\u00f3j\u00e1r\u00f3l,\u00a0<strong>Rudas Ferencr\u0151l<\/strong>. Az \u00f6sszej\u00f6vetelt\u00a0<strong>Herm\u00e1ny Csaba<\/strong>\u00a0\u00e9s\u00a0<strong>L\u00f3r\u00e1nt S\u00e1ndor<\/strong>\u00a0tagt\u00e1rsaink kedves vend\u00e9gl\u00e1t\u00e1sa tette m\u00e9g meghittebb\u00e9. Ez\u00faton is k\u00f6sz\u00f6nj\u00fck.<\/p>\r\n<p><img loading=\"lazy\" decoding=\"async\" class=\"alignnone wp-image-268 size-large\" src=\"http:\/\/rudasrend.hu\/wp-content\/uploads\/2024\/12\/20241203_140342-1024x612.jpg\" alt=\"\" width=\"584\" height=\"349\" srcset=\"https:\/\/rudasrend.hu\/wp-content\/uploads\/2024\/12\/20241203_140342-1024x612.jpg 1024w, https:\/\/rudasrend.hu\/wp-content\/uploads\/2024\/12\/20241203_140342-300x179.jpg 300w, https:\/\/rudasrend.hu\/wp-content\/uploads\/2024\/12\/20241203_140342-768x459.jpg 768w, https:\/\/rudasrend.hu\/wp-content\/uploads\/2024\/12\/20241203_140342-1536x919.jpg 1536w, https:\/\/rudasrend.hu\/wp-content\/uploads\/2024\/12\/20241203_140342-2048x1225.jpg 2048w, https:\/\/rudasrend.hu\/wp-content\/uploads\/2024\/12\/20241203_140342-500x300.jpg 500w\" sizes=\"auto, (max-width: 584px) 100vw, 584px\" \/><img loading=\"lazy\" decoding=\"async\" class=\"alignnone wp-image-269 size-large\" src=\"http:\/\/rudasrend.hu\/wp-content\/uploads\/2024\/12\/DSCN5396-1024x556.jpg\" alt=\"\" width=\"584\" height=\"317\" srcset=\"https:\/\/rudasrend.hu\/wp-content\/uploads\/2024\/12\/DSCN5396-1024x556.jpg 1024w, https:\/\/rudasrend.hu\/wp-content\/uploads\/2024\/12\/DSCN5396-300x163.jpg 300w, https:\/\/rudasrend.hu\/wp-content\/uploads\/2024\/12\/DSCN5396-768x417.jpg 768w, https:\/\/rudasrend.hu\/wp-content\/uploads\/2024\/12\/DSCN5396-1536x834.jpg 1536w, https:\/\/rudasrend.hu\/wp-content\/uploads\/2024\/12\/DSCN5396-2048x1111.jpg 2048w, https:\/\/rudasrend.hu\/wp-content\/uploads\/2024\/12\/DSCN5396-500x271.jpg 500w\" sizes=\"auto, (max-width: 584px) 100vw, 584px\" \/><\/p>\r\n<p style=\"font-weight: 400;\">Ezt k\u00f6vet\u0151en az Soroks\u00e1ri \u00fati eml\u00e9km\u0171n\u00e9l, <img loading=\"lazy\" decoding=\"async\" class=\"alignnone wp-image-270 size-medium\" src=\"http:\/\/rudasrend.hu\/wp-content\/uploads\/2024\/12\/20241203_160209-215x300.jpg\" alt=\"\" width=\"215\" height=\"300\" srcset=\"https:\/\/rudasrend.hu\/wp-content\/uploads\/2024\/12\/20241203_160209-215x300.jpg 215w, https:\/\/rudasrend.hu\/wp-content\/uploads\/2024\/12\/20241203_160209-732x1024.jpg 732w, https:\/\/rudasrend.hu\/wp-content\/uploads\/2024\/12\/20241203_160209-768x1074.jpg 768w, https:\/\/rudasrend.hu\/wp-content\/uploads\/2024\/12\/20241203_160209-1098x1536.jpg 1098w, https:\/\/rudasrend.hu\/wp-content\/uploads\/2024\/12\/20241203_160209-1464x2048.jpg 1464w, https:\/\/rudasrend.hu\/wp-content\/uploads\/2024\/12\/20241203_160209.jpg 1814w\" sizes=\"auto, (max-width: 215px) 100vw, 215px\" \/>kieg\u00e9sz\u00fclve az FTC Bar\u00e1ti K\u00f6r n\u00e9h\u00e1ny tagj\u00e1val, folytattuk a sz\u00fclet\u00e9snapi megeml\u00e9kez\u00e9st. Az FTC Bar\u00e1ti K\u00f6r koszor\u00faj\u00e1t\u00a0<strong>Tobak Csaba<\/strong>\u00a0f\u0151titk\u00e1r, a Rudas-rend\u00e9t\u00a0<strong>Huber Szebaszti\u00e1n<\/strong>\u00a0korjegyz\u0151 \u00e9s\u00a0<strong>Raffa Gy\u00f6rgy<\/strong>\u00a0helyezte el.<\/p>\r\n<p><img loading=\"lazy\" decoding=\"async\" class=\"alignnone size-large wp-image-272\" src=\"http:\/\/rudasrend.hu\/wp-content\/uploads\/2024\/12\/Soroksari-1024x453.jpg\" alt=\"\" width=\"584\" height=\"258\" srcset=\"https:\/\/rudasrend.hu\/wp-content\/uploads\/2024\/12\/Soroksari-1024x453.jpg 1024w, https:\/\/rudasrend.hu\/wp-content\/uploads\/2024\/12\/Soroksari-300x133.jpg 300w, https:\/\/rudasrend.hu\/wp-content\/uploads\/2024\/12\/Soroksari-768x340.jpg 768w, https:\/\/rudasrend.hu\/wp-content\/uploads\/2024\/12\/Soroksari-500x221.jpg 500w, https:\/\/rudasrend.hu\/wp-content\/uploads\/2024\/12\/Soroksari.jpg 1389w\" sizes=\"auto, (max-width: 584px) 100vw, 584px\" \/><\/p>\r\n<p>K\u00f6sz\u00f6nj\u00fck a tud\u00f3s\u00edt\u00e1st tagt\u00e1rsunknak, <strong>Sz\u00e1ntay Bal\u00e1zsnak<\/strong>.<\/p>\r\n<p>&nbsp;<\/p>\r\n<p>&nbsp;<\/p>\r\n<p>&nbsp;<\/p>\r\n<p>&nbsp;<\/p>\r\n\r\n\r\n","protected":false},"excerpt":{"rendered":"<p>Az FTC labdar\u00fag\u00f3-szakoszt\u00e1ly 124. sz\u00fclet\u00e9snapj\u00e1nak az FTC-MVM N\u00e9pligeti Sportk\u00f6zpontban tartott \u00fcnneps\u00e9g\u00e9n megh\u00edvottk\u00e9nt mi is, a Rudas-rend tagjai is r\u00e9szt vett\u00fcnk. A Borb\u00e1s-szobor avat\u00e1s\u00e1val egybek\u00f6t\u00f6tt esem\u00e9ny ut\u00e1n \u00e1tvonultunk a Liget \u00e9tterembe, ahol december 3-a, Ferenc-nap alkalm\u00e1b\u00f3l bar\u00e1ti megbesz\u00e9l\u00e9s keret\u00e9ben megeml\u00e9kezt\u00fcnk rend\u00fcnk &hellip; <a href=\"https:\/\/rudasrend.hu\/?page_id=266\">Egy kattint\u00e1s ide a folytat\u00e1shoz&#8230;. <span class=\"meta-nav\">&rarr;<\/span><\/a><\/p>\n","protected":false},"author":1,"featured_media":0,"parent":72,"menu_order":11,"comment_status":"closed","ping_status":"closed","template":"","meta":{"_monsterinsights_skip_tracking":false,"_monsterinsights_sitenote_active":false,"_monsterinsights_sitenote_note":"","_monsterinsights_sitenote_category":0,"footnotes":""},"class_list":["post-266","page","type-page","status-publish","hentry"],"yoast_head":"<!-- This site is optimized with the Yoast SEO plugin v26.7 - https:\/\/yoast.com\/wordpress\/plugins\/seo\/ -->\n<title>2024.12.03. - Rudas-rend<\/title>\n<meta name=\"robots\" content=\"index, follow, max-snippet:-1, max-image-preview:large, max-video-preview:-1\" \/>\n<link rel=\"canonical\" href=\"https:\/\/rudasrend.hu\/?page_id=266\" \/>\n<meta property=\"og:locale\" content=\"hu_HU\" \/>\n<meta property=\"og:type\" content=\"article\" \/>\n<meta property=\"og:title\" content=\"2024.12.03. - Rudas-rend\" \/>\n<meta property=\"og:description\" content=\"Az FTC labdar\u00fag\u00f3-szakoszt\u00e1ly 124. sz\u00fclet\u00e9snapj\u00e1nak az FTC-MVM N\u00e9pligeti Sportk\u00f6zpontban tartott \u00fcnneps\u00e9g\u00e9n megh\u00edvottk\u00e9nt mi is, a Rudas-rend tagjai is r\u00e9szt vett\u00fcnk. A Borb\u00e1s-szobor avat\u00e1s\u00e1val egybek\u00f6t\u00f6tt esem\u00e9ny ut\u00e1n \u00e1tvonultunk a Liget \u00e9tterembe, ahol december 3-a, Ferenc-nap alkalm\u00e1b\u00f3l bar\u00e1ti megbesz\u00e9l\u00e9s keret\u00e9ben megeml\u00e9kezt\u00fcnk rend\u00fcnk &hellip; Egy kattint\u00e1s ide a folytat\u00e1shoz.... &rarr;\" \/>\n<meta property=\"og:url\" content=\"https:\/\/rudasrend.hu\/?page_id=266\" \/>\n<meta property=\"og:site_name\" content=\"Rudas-rend\" \/>\n<meta property=\"og:image\" content=\"http:\/\/rudasrend.hu\/wp-content\/uploads\/2024\/12\/Borbas-Gaspar-szobor-300x200.jpg\" \/>\n<meta name=\"twitter:card\" content=\"summary_large_image\" \/>\n<meta name=\"twitter:label1\" content=\"Becs\u00fclt olvas\u00e1si id\u0151\" \/>\n\t<meta name=\"twitter:data1\" content=\"2 perc\" \/>\n<script type=\"application\/ld+json\" class=\"yoast-schema-graph\">{\"@context\":\"https:\/\/schema.org\",\"@graph\":[{\"@type\":\"WebPage\",\"@id\":\"https:\/\/rudasrend.hu\/?page_id=266\",\"url\":\"https:\/\/rudasrend.hu\/?page_id=266\",\"name\":\"2024.12.03. - Rudas-rend\",\"isPartOf\":{\"@id\":\"https:\/\/rudasrend.hu\/#website\"},\"primaryImageOfPage\":{\"@id\":\"https:\/\/rudasrend.hu\/?page_id=266#primaryimage\"},\"image\":{\"@id\":\"https:\/\/rudasrend.hu\/?page_id=266#primaryimage\"},\"thumbnailUrl\":\"http:\/\/rudasrend.hu\/wp-content\/uploads\/2024\/12\/Borbas-Gaspar-szobor-300x200.jpg\",\"datePublished\":\"2024-12-04T16:41:00+00:00\",\"breadcrumb\":{\"@id\":\"https:\/\/rudasrend.hu\/?page_id=266#breadcrumb\"},\"inLanguage\":\"hu\",\"potentialAction\":[{\"@type\":\"ReadAction\",\"target\":[\"https:\/\/rudasrend.hu\/?page_id=266\"]}]},{\"@type\":\"ImageObject\",\"inLanguage\":\"hu\",\"@id\":\"https:\/\/rudasrend.hu\/?page_id=266#primaryimage\",\"url\":\"https:\/\/rudasrend.hu\/wp-content\/uploads\/2024\/12\/Borbas-Gaspar-szobor.jpg\",\"contentUrl\":\"https:\/\/rudasrend.hu\/wp-content\/uploads\/2024\/12\/Borbas-Gaspar-szobor.jpg\",\"width\":1421,\"height\":949},{\"@type\":\"BreadcrumbList\",\"@id\":\"https:\/\/rudasrend.hu\/?page_id=266#breadcrumb\",\"itemListElement\":[{\"@type\":\"ListItem\",\"position\":1,\"name\":\"Home\",\"item\":\"https:\/\/rudasrend.hu\/\"},{\"@type\":\"ListItem\",\"position\":2,\"name\":\"Tal\u00e1lkoz\u00f3k\",\"item\":\"https:\/\/rudasrend.hu\/?page_id=72\"},{\"@type\":\"ListItem\",\"position\":3,\"name\":\"2024.12.03.\"}]},{\"@type\":\"WebSite\",\"@id\":\"https:\/\/rudasrend.hu\/#website\",\"url\":\"https:\/\/rudasrend.hu\/\",\"name\":\"Rudas-rend\",\"description\":\"\",\"potentialAction\":[{\"@type\":\"SearchAction\",\"target\":{\"@type\":\"EntryPoint\",\"urlTemplate\":\"https:\/\/rudasrend.hu\/?s={search_term_string}\"},\"query-input\":{\"@type\":\"PropertyValueSpecification\",\"valueRequired\":true,\"valueName\":\"search_term_string\"}}],\"inLanguage\":\"hu\"}]}<\/script>\n<!-- \/ Yoast SEO plugin. -->","yoast_head_json":{"title":"2024.12.03. - Rudas-rend","robots":{"index":"index","follow":"follow","max-snippet":"max-snippet:-1","max-image-preview":"max-image-preview:large","max-video-preview":"max-video-preview:-1"},"canonical":"https:\/\/rudasrend.hu\/?page_id=266","og_locale":"hu_HU","og_type":"article","og_title":"2024.12.03. - Rudas-rend","og_description":"Az FTC labdar\u00fag\u00f3-szakoszt\u00e1ly 124. sz\u00fclet\u00e9snapj\u00e1nak az FTC-MVM N\u00e9pligeti Sportk\u00f6zpontban tartott \u00fcnneps\u00e9g\u00e9n megh\u00edvottk\u00e9nt mi is, a Rudas-rend tagjai is r\u00e9szt vett\u00fcnk. A Borb\u00e1s-szobor avat\u00e1s\u00e1val egybek\u00f6t\u00f6tt esem\u00e9ny ut\u00e1n \u00e1tvonultunk a Liget \u00e9tterembe, ahol december 3-a, Ferenc-nap alkalm\u00e1b\u00f3l bar\u00e1ti megbesz\u00e9l\u00e9s keret\u00e9ben megeml\u00e9kezt\u00fcnk rend\u00fcnk &hellip; Egy kattint\u00e1s ide a folytat\u00e1shoz.... &rarr;","og_url":"https:\/\/rudasrend.hu\/?page_id=266","og_site_name":"Rudas-rend","og_image":[{"url":"http:\/\/rudasrend.hu\/wp-content\/uploads\/2024\/12\/Borbas-Gaspar-szobor-300x200.jpg","type":"","width":"","height":""}],"twitter_card":"summary_large_image","twitter_misc":{"Becs\u00fclt olvas\u00e1si id\u0151":"2 perc"},"schema":{"@context":"https:\/\/schema.org","@graph":[{"@type":"WebPage","@id":"https:\/\/rudasrend.hu\/?page_id=266","url":"https:\/\/rudasrend.hu\/?page_id=266","name":"2024.12.03. - Rudas-rend","isPartOf":{"@id":"https:\/\/rudasrend.hu\/#website"},"primaryImageOfPage":{"@id":"https:\/\/rudasrend.hu\/?page_id=266#primaryimage"},"image":{"@id":"https:\/\/rudasrend.hu\/?page_id=266#primaryimage"},"thumbnailUrl":"http:\/\/rudasrend.hu\/wp-content\/uploads\/2024\/12\/Borbas-Gaspar-szobor-300x200.jpg","datePublished":"2024-12-04T16:41:00+00:00","breadcrumb":{"@id":"https:\/\/rudasrend.hu\/?page_id=266#breadcrumb"},"inLanguage":"hu","potentialAction":[{"@type":"ReadAction","target":["https:\/\/rudasrend.hu\/?page_id=266"]}]},{"@type":"ImageObject","inLanguage":"hu","@id":"https:\/\/rudasrend.hu\/?page_id=266#primaryimage","url":"https:\/\/rudasrend.hu\/wp-content\/uploads\/2024\/12\/Borbas-Gaspar-szobor.jpg","contentUrl":"https:\/\/rudasrend.hu\/wp-content\/uploads\/2024\/12\/Borbas-Gaspar-szobor.jpg","width":1421,"height":949},{"@type":"BreadcrumbList","@id":"https:\/\/rudasrend.hu\/?page_id=266#breadcrumb","itemListElement":[{"@type":"ListItem","position":1,"name":"Home","item":"https:\/\/rudasrend.hu\/"},{"@type":"ListItem","position":2,"name":"Tal\u00e1lkoz\u00f3k","item":"https:\/\/rudasrend.hu\/?page_id=72"},{"@type":"ListItem","position":3,"name":"2024.12.03."}]},{"@type":"WebSite","@id":"https:\/\/rudasrend.hu\/#website","url":"https:\/\/rudasrend.hu\/","name":"Rudas-rend","description":"","potentialAction":[{"@type":"SearchAction","target":{"@type":"EntryPoint","urlTemplate":"https:\/\/rudasrend.hu\/?s={search_term_string}"},"query-input":{"@type":"PropertyValueSpecification","valueRequired":true,"valueName":"search_term_string"}}],"inLanguage":"hu"}]}},"_links":{"self":[{"href":"https:\/\/rudasrend.hu\/index.php?rest_route=\/wp\/v2\/pages\/266","targetHints":{"allow":["GET"]}}],"collection":[{"href":"https:\/\/rudasrend.hu\/index.php?rest_route=\/wp\/v2\/pages"}],"about":[{"href":"https:\/\/rudasrend.hu\/index.php?rest_route=\/wp\/v2\/types\/page"}],"author":[{"embeddable":true,"href":"https:\/\/rudasrend.hu\/index.php?rest_route=\/wp\/v2\/users\/1"}],"replies":[{"embeddable":true,"href":"https:\/\/rudasrend.hu\/index.php?rest_route=%2Fwp%2Fv2%2Fcomments&post=266"}],"version-history":[{"count":1,"href":"https:\/\/rudasrend.hu\/index.php?rest_route=\/wp\/v2\/pages\/266\/revisions"}],"predecessor-version":[{"id":273,"href":"https:\/\/rudasrend.hu\/index.php?rest_route=\/wp\/v2\/pages\/266\/revisions\/273"}],"up":[{"embeddable":true,"href":"https:\/\/rudasrend.hu\/index.php?rest_route=\/wp\/v2\/pages\/72"}],"wp:attachment":[{"href":"https:\/\/rudasrend.hu\/index.php?rest_route=%2Fwp%2Fv2%2Fmedia&parent=266"}],"curies":[{"name":"wp","href":"https:\/\/api.w.org\/{rel}","templated":true}]}}