{"id":55,"date":"2023-07-08T12:24:29","date_gmt":"2023-07-08T10:24:29","guid":{"rendered":"https:\/\/rudasrend.hu\/?page_id=55"},"modified":"2025-09-29T15:04:07","modified_gmt":"2025-09-29T13:04:07","slug":"a-rudas-rend-mukodesi-szabalyzata","status":"publish","type":"page","link":"https:\/\/rudasrend.hu\/?page_id=55","title":{"rendered":"M\u0171k\u00f6d\u00e9si szab\u00e1lyzat"},"content":{"rendered":"\r\n<p><a href=\"http:\/\/rudasrend.hu\/wp-content\/uploads\/2023\/07\/RR-muk-szab.pdf\">A Rend 2018. janu\u00e1r 30-\u00e1n \u00e9l\u0151 tagjai elfogadt\u00e1k, \u00edr\u00e1sba foglalt\u00e1k \u00e9s al\u00e1\u00edr\u00e1sukkal meger\u0151s\u00edtett\u00e9k az itt let\u00f6lthet\u0151 m\u0171k\u00f6d\u00e9si szab\u00e1lyzatot<\/a>.<\/p>\r\n\r\n\r\n\r\n<p>&nbsp;<\/p>\r\n","protected":false},"excerpt":{"rendered":"<p>A Rend 2018. janu\u00e1r 30-\u00e1n \u00e9l\u0151 tagjai elfogadt\u00e1k, \u00edr\u00e1sba foglalt\u00e1k \u00e9s al\u00e1\u00edr\u00e1sukkal meger\u0151s\u00edtett\u00e9k az itt let\u00f6lthet\u0151 m\u0171k\u00f6d\u00e9si szab\u00e1lyzatot.<\/p>\n","protected":false},"author":1,"featured_media":0,"parent":0,"menu_order":0,"comment_status":"closed","ping_status":"closed","template":"","meta":{"_monsterinsights_skip_tracking":false,"_monsterinsights_sitenote_active":false,"_monsterinsights_sitenote_note":"","_monsterinsights_sitenote_category":0,"footnotes":""},"class_list":["post-55","page","type-page","status-publish","hentry"],"yoast_head":"<!-- This site is optimized with the Yoast SEO plugin v26.7 - https:\/\/yoast.com\/wordpress\/plugins\/seo\/ -->\n<title>M\u0171k\u00f6d\u00e9si szab\u00e1lyzat - Rudas-rend<\/title>\n<meta name=\"robots\" content=\"index, follow, max-snippet:-1, max-image-preview:large, max-video-preview:-1\" \/>\n<link rel=\"canonical\" href=\"https:\/\/rudasrend.hu\/?page_id=55\" \/>\n<meta property=\"og:locale\" content=\"hu_HU\" \/>\n<meta property=\"og:type\" content=\"article\" \/>\n<meta property=\"og:title\" content=\"M\u0171k\u00f6d\u00e9si szab\u00e1lyzat - Rudas-rend\" \/>\n<meta property=\"og:description\" content=\"A Rend 2018. janu\u00e1r 30-\u00e1n \u00e9l\u0151 tagjai elfogadt\u00e1k, \u00edr\u00e1sba foglalt\u00e1k \u00e9s al\u00e1\u00edr\u00e1sukkal meger\u0151s\u00edtett\u00e9k az itt let\u00f6lthet\u0151 m\u0171k\u00f6d\u00e9si szab\u00e1lyzatot.\" \/>\n<meta property=\"og:url\" content=\"https:\/\/rudasrend.hu\/?page_id=55\" \/>\n<meta property=\"og:site_name\" content=\"Rudas-rend\" \/>\n<meta property=\"article:modified_time\" content=\"2025-09-29T13:04:07+00:00\" \/>\n<meta name=\"twitter:card\" content=\"summary_large_image\" \/>\n<meta name=\"twitter:label1\" content=\"Becs\u00fclt olvas\u00e1si id\u0151\" \/>\n\t<meta name=\"twitter:data1\" content=\"1 perc\" \/>\n<script type=\"application\/ld+json\" class=\"yoast-schema-graph\">{\"@context\":\"https:\/\/schema.org\",\"@graph\":[{\"@type\":\"WebPage\",\"@id\":\"https:\/\/rudasrend.hu\/?page_id=55\",\"url\":\"https:\/\/rudasrend.hu\/?page_id=55\",\"name\":\"M\u0171k\u00f6d\u00e9si szab\u00e1lyzat - Rudas-rend\",\"isPartOf\":{\"@id\":\"https:\/\/rudasrend.hu\/#website\"},\"datePublished\":\"2023-07-08T10:24:29+00:00\",\"dateModified\":\"2025-09-29T13:04:07+00:00\",\"breadcrumb\":{\"@id\":\"https:\/\/rudasrend.hu\/?page_id=55#breadcrumb\"},\"inLanguage\":\"hu\",\"potentialAction\":[{\"@type\":\"ReadAction\",\"target\":[\"https:\/\/rudasrend.hu\/?page_id=55\"]}]},{\"@type\":\"BreadcrumbList\",\"@id\":\"https:\/\/rudasrend.hu\/?page_id=55#breadcrumb\",\"itemListElement\":[{\"@type\":\"ListItem\",\"position\":1,\"name\":\"Home\",\"item\":\"https:\/\/rudasrend.hu\/\"},{\"@type\":\"ListItem\",\"position\":2,\"name\":\"M\u0171k\u00f6d\u00e9si szab\u00e1lyzat\"}]},{\"@type\":\"WebSite\",\"@id\":\"https:\/\/rudasrend.hu\/#website\",\"url\":\"https:\/\/rudasrend.hu\/\",\"name\":\"Rudas-rend\",\"description\":\"\",\"potentialAction\":[{\"@type\":\"SearchAction\",\"target\":{\"@type\":\"EntryPoint\",\"urlTemplate\":\"https:\/\/rudasrend.hu\/?s={search_term_string}\"},\"query-input\":{\"@type\":\"PropertyValueSpecification\",\"valueRequired\":true,\"valueName\":\"search_term_string\"}}],\"inLanguage\":\"hu\"}]}<\/script>\n<!-- \/ Yoast SEO plugin. -->","yoast_head_json":{"title":"M\u0171k\u00f6d\u00e9si szab\u00e1lyzat - Rudas-rend","robots":{"index":"index","follow":"follow","max-snippet":"max-snippet:-1","max-image-preview":"max-image-preview:large","max-video-preview":"max-video-preview:-1"},"canonical":"https:\/\/rudasrend.hu\/?page_id=55","og_locale":"hu_HU","og_type":"article","og_title":"M\u0171k\u00f6d\u00e9si szab\u00e1lyzat - Rudas-rend","og_description":"A Rend 2018. janu\u00e1r 30-\u00e1n \u00e9l\u0151 tagjai elfogadt\u00e1k, \u00edr\u00e1sba foglalt\u00e1k \u00e9s al\u00e1\u00edr\u00e1sukkal meger\u0151s\u00edtett\u00e9k az itt let\u00f6lthet\u0151 m\u0171k\u00f6d\u00e9si szab\u00e1lyzatot.","og_url":"https:\/\/rudasrend.hu\/?page_id=55","og_site_name":"Rudas-rend","article_modified_time":"2025-09-29T13:04:07+00:00","twitter_card":"summary_large_image","twitter_misc":{"Becs\u00fclt olvas\u00e1si id\u0151":"1 perc"},"schema":{"@context":"https:\/\/schema.org","@graph":[{"@type":"WebPage","@id":"https:\/\/rudasrend.hu\/?page_id=55","url":"https:\/\/rudasrend.hu\/?page_id=55","name":"M\u0171k\u00f6d\u00e9si szab\u00e1lyzat - Rudas-rend","isPartOf":{"@id":"https:\/\/rudasrend.hu\/#website"},"datePublished":"2023-07-08T10:24:29+00:00","dateModified":"2025-09-29T13:04:07+00:00","breadcrumb":{"@id":"https:\/\/rudasrend.hu\/?page_id=55#breadcrumb"},"inLanguage":"hu","potentialAction":[{"@type":"ReadAction","target":["https:\/\/rudasrend.hu\/?page_id=55"]}]},{"@type":"BreadcrumbList","@id":"https:\/\/rudasrend.hu\/?page_id=55#breadcrumb","itemListElement":[{"@type":"ListItem","position":1,"name":"Home","item":"https:\/\/rudasrend.hu\/"},{"@type":"ListItem","position":2,"name":"M\u0171k\u00f6d\u00e9si szab\u00e1lyzat"}]},{"@type":"WebSite","@id":"https:\/\/rudasrend.hu\/#website","url":"https:\/\/rudasrend.hu\/","name":"Rudas-rend","description":"","potentialAction":[{"@type":"SearchAction","target":{"@type":"EntryPoint","urlTemplate":"https:\/\/rudasrend.hu\/?s={search_term_string}"},"query-input":{"@type":"PropertyValueSpecification","valueRequired":true,"valueName":"search_term_string"}}],"inLanguage":"hu"}]}},"_links":{"self":[{"href":"https:\/\/rudasrend.hu\/index.php?rest_route=\/wp\/v2\/pages\/55","targetHints":{"allow":["GET"]}}],"collection":[{"href":"https:\/\/rudasrend.hu\/index.php?rest_route=\/wp\/v2\/pages"}],"about":[{"href":"https:\/\/rudasrend.hu\/index.php?rest_route=\/wp\/v2\/types\/page"}],"author":[{"embeddable":true,"href":"https:\/\/rudasrend.hu\/index.php?rest_route=\/wp\/v2\/users\/1"}],"replies":[{"embeddable":true,"href":"https:\/\/rudasrend.hu\/index.php?rest_route=%2Fwp%2Fv2%2Fcomments&post=55"}],"version-history":[{"count":5,"href":"https:\/\/rudasrend.hu\/index.php?rest_route=\/wp\/v2\/pages\/55\/revisions"}],"predecessor-version":[{"id":340,"href":"https:\/\/rudasrend.hu\/index.php?rest_route=\/wp\/v2\/pages\/55\/revisions\/340"}],"wp:attachment":[{"href":"https:\/\/rudasrend.hu\/index.php?rest_route=%2Fwp%2Fv2%2Fmedia&parent=55"}],"curies":[{"name":"wp","href":"https:\/\/api.w.org\/{rel}","templated":true}]}}