{"id":61,"date":"2023-07-08T12:25:42","date_gmt":"2023-07-08T10:25:42","guid":{"rendered":"https:\/\/rudasrend.hu\/?page_id=61"},"modified":"2025-07-04T16:33:58","modified_gmt":"2025-07-04T14:33:58","slug":"tagok","status":"publish","type":"page","link":"https:\/\/rudasrend.hu\/?page_id=61","title":{"rendered":"Tagok"},"content":{"rendered":"\r\n<p>Amikor 2015. j\u00fanius 15-\u00e9n\u00a0<strong>Rudas Ferenc,\u00a0<\/strong>a Fradi \u00e9s a magyar v\u00e1logatott akkori legid\u0151sebb \u00e9l\u0151 labdar\u00fag\u00f3ja \u00e1tvette a\u00a0<em>Budapest d\u00edszpolg\u00e1ra<\/em>\u00a0kit\u00fcntet\u00e9st, bejelentette, hogy l\u00e9trehoz egy\u00a0<em>Rudas-rend<\/em>\u00a0elnevez\u00e9s\u0171 d\u00edjat.<\/p>\r\n\r\n\r\n<div class=\"wp-block-image\">\r\n<figure class=\"alignleft\"><a href=\"http:\/\/www.ftcbaratikor.hu\/wp-content\/uploads\/2015\/12\/DSCN3689.jpg\"><img decoding=\"async\" class=\"wp-image-35452\" src=\"http:\/\/www.ftcbaratikor.hu\/wp-content\/uploads\/2015\/12\/DSCN3689-191x300.jpg\" alt=\"DSCN3689\" \/><\/a><\/figure>\r\n<\/div>\r\n\r\n<div class=\"wp-block-image\">\r\n<figure class=\"alignleft\"><a href=\"http:\/\/www.ftcbaratikor.hu\/wp-content\/uploads\/2015\/12\/IMG_20151116_0001.jpg\"><img decoding=\"async\" class=\"wp-image-35453\" src=\"http:\/\/www.ftcbaratikor.hu\/wp-content\/uploads\/2015\/12\/IMG_20151116_0001-202x300.jpg\" alt=\"IMG_20151116_0001\" \/><\/a><\/figure>\r\n<\/div>\r\n\r\n\r\n<p>A d\u00edjban azok r\u00e9szes\u00fclhettek, akik nem sportol\u00f3k\u00e9nt kiemelked\u0151 m\u00f3don seg\u00edtett\u00e9k, t\u00e1mogatt\u00e1k az FTC-t \u00e9s az FTC Bar\u00e1ti K\u00f6rt.<\/p>\r\n\r\n\r\n<div class=\"wp-block-image\">\r\n<figure class=\"alignleft\"><a href=\"http:\/\/www.ftcbaratikor.hu\/wp-content\/uploads\/2015\/12\/DSCN8257.jpg\"><img decoding=\"async\" class=\"wp-image-35451\" src=\"http:\/\/www.ftcbaratikor.hu\/wp-content\/uploads\/2015\/12\/DSCN8257-225x300.jpg\" alt=\"DSCN8257\" \/><\/a><\/figure>\r\n<\/div>\r\n\r\n\r\n<p>Mivel Rudas Ferenc 23-szor volt v\u00e1logatott, \u00fagy d\u00f6nt\u00f6tt, hogy a d\u00edjat 23 szem\u00e9ly kapja meg.<\/p>\r\n\r\n\r\n\r\n<p>&nbsp;<\/p>\r\n\r\n\r\n\r\n<p>&nbsp;<\/p>\r\n\r\n\r\n\r\n<p>Az \u00e1tad\u00e1si \u00fcnneps\u00e9gre 2015. december 3-\u00e1n, Ferenc napon, egyben az FTC labdar\u00fag\u00f3 szakoszt\u00e1ly\u00e1nak sz\u00fclet\u00e9snapj\u00e1n, a Fradi M\u00fazeumban ker\u00fclt sor.<\/p>\r\n\r\n\r\n\r\n<p>A d\u00edj els\u0151 kit\u00fcntetettjei, akiket maga Rudas Ferenc v\u00e1lasztott, a k\u00f6vetkez\u0151k voltak (ABC sorrendben):<\/p>\r\n\r\n\r\n\r\n<p><strong>Czikkely Boldizs\u00e1r, dr. Gyimesi Andr\u00e1s, Havasi Mih\u00e1ly, dr. Herm\u00e1ny Csaba, H\u00e9lisz J\u00f3zsef, Kis Imre, dr. Kocsis Zolt\u00e1n, dr. Kocsis Zolt\u00e1nn\u00e9, Kopeczky Lajos, Kubatov G\u00e1bor, L\u00f3r\u00e1nt S\u00e1ndor, Miskolczi J\u00f3zsef, Orb\u00e1n Attila, Orosz P\u00e1l, Peth\u0151 Zolt\u00e1n, Proh\u00e1szka J\u00e1nos, S\u00e1nta S\u00e1ndor, Simon S\u00e1ndor, dr. Springer Mikl\u00f3s, Sz\u00e1ntay Bal\u00e1zs, Tak\u00e1cs Tibor, Tobak Csaba<\/strong> \u00e9s <strong>Wlach L\u00e1szl\u00f3<\/strong>. Az els\u0151 koreln\u00f6k <strong>Peth\u0151 Zolt\u00e1n<\/strong>, az els\u0151 korjegyz\u0151 pedig <strong>Tobak Csaba<\/strong> volt.<\/p>\r\n\r\n\r\n\r\n<p><img loading=\"lazy\" decoding=\"async\" width=\"750\" height=\"491\" class=\"wp-image-15\" style=\"width: 750px;\" src=\"http:\/\/rudasrend.hu\/wp-content\/uploads\/2023\/07\/RR-201512.jpg\" alt=\"\" srcset=\"https:\/\/rudasrend.hu\/wp-content\/uploads\/2023\/07\/RR-201512.jpg 800w, https:\/\/rudasrend.hu\/wp-content\/uploads\/2023\/07\/RR-201512-300x197.jpg 300w, https:\/\/rudasrend.hu\/wp-content\/uploads\/2023\/07\/RR-201512-768x503.jpg 768w\" sizes=\"auto, (max-width: 750px) 100vw, 750px\" \/><\/p>\r\n\r\n\r\n\r\n<p>Rudas Ferenc hal\u00e1la ut\u00e1n a rend tagjai egyhang\u00faan \u00fagy d\u00f6nt\u00f6ttek, hogy a Rudas-rendet \u00e9letben tartj\u00e1k. A Nemzet Sportol\u00f3ja \u00e9s a Nemzet Sz\u00edn\u00e9sze d\u00edjak mint\u00e1j\u00e1ra a kit\u00fcntetettek sz\u00e1ma az alap\u00edt\u00f3 \u00e1ltal meghat\u00e1rozott, azaz huszonh\u00e1rom marad. Egy kit\u00fcntetett elhal\u00e1loz\u00e1sa eset\u00e9n a c\u00edm birtokosai \u2013 az eredeti elvek figyelembev\u00e9tel\u00e9vel \u2013 tesznek javaslatot az \u00faj jel\u00f6ltekre, akik k\u00f6z\u00fcl meghat\u00e1rozott t\u00f6bbs\u00e9ggel kiv\u00e1lasztj\u00e1k azt a szem\u00e9lyt, aki a Rudas-rend tagj\u00e1v\u00e1 v\u00e1lik. A kit\u00fcntet\u00e9shez kapcsol\u00f3d\u00f3 oklevelet a rend mindenkori koreln\u00f6ke (legid\u0151sebb tagja) \u00e9s korjegyz\u0151je (legfiatalabb tagja) \u00edrja al\u00e1, majd azt \u00fcnnep\u00e9lyes keretek k\u00f6z\u00f6tt, a rend tagjai nev\u00e9ben, a mindenkori koreln\u00f6k adja \u00e1t a kit\u00fcntetettnek az adom\u00e1nyoz\u00e1shoz legk\u00f6zelebb es\u0151 j\u00falius 6-\u00e1n (Rudas Ferenc sz\u00fclet\u00e9snapja) vagy december 3-\u00e1n (Rudas Ferenc n\u00e9vnapja).<\/p>\r\n\r\n\r\n\r\n<p>Az els\u0151 d\u00edjazottak k\u00f6z\u00fcl \u00f6ten (dr. Gyimesi Andr\u00e1s, S\u00e1nta S\u00e1ndor, dr. Springer Mikl\u00f3s, Peth\u0151 Zolt\u00e1n \u00e9s Czikkely Boldizs\u00e1r ) elhal\u00e1loztak, ut\u00e1nuk <strong>Kasz\u00e1s P\u00e1l, Hor\u00e1nyi Ervin, Raffa Gy\u00f6rgy,<\/strong>\u00a0<strong>Huber Szabaszti\u00e1n<\/strong>\u00a0\u00e9s<strong> B\u00e1nki J\u00f3zsef <\/strong>lett a Rudas-rend tagja. 2022-ben Hor\u00e1nyi Ervin is elhunyt, a hely\u00e9re a tags\u00e1g <strong>Eperjes K\u00e1rolyt<\/strong> v\u00e1lasztotta meg. V\u00e1ltozott a koreln\u00f6k \u00e9s a korjegyz\u0151 szem\u00e9lye is, el\u0151bbi <strong>Kopeczky Lajos<\/strong>, ut\u00f3bbi pedig <strong>Huber Szebaszti\u00e1n<\/strong> lett.<\/p>\r\n","protected":false},"excerpt":{"rendered":"<p>Amikor 2015. j\u00fanius 15-\u00e9n\u00a0Rudas Ferenc,\u00a0a Fradi \u00e9s a magyar v\u00e1logatott akkori legid\u0151sebb \u00e9l\u0151 labdar\u00fag\u00f3ja \u00e1tvette a\u00a0Budapest d\u00edszpolg\u00e1ra\u00a0kit\u00fcntet\u00e9st, bejelentette, hogy l\u00e9trehoz egy\u00a0Rudas-rend\u00a0elnevez\u00e9s\u0171 d\u00edjat. A d\u00edjban azok r\u00e9szes\u00fclhettek, akik nem sportol\u00f3k\u00e9nt kiemelked\u0151 m\u00f3don seg\u00edtett\u00e9k, t\u00e1mogatt\u00e1k az FTC-t \u00e9s az FTC Bar\u00e1ti K\u00f6rt. &hellip; <a href=\"https:\/\/rudasrend.hu\/?page_id=61\">Egy kattint\u00e1s ide a folytat\u00e1shoz&#8230;. <span class=\"meta-nav\">&rarr;<\/span><\/a><\/p>\n","protected":false},"author":1,"featured_media":0,"parent":0,"menu_order":0,"comment_status":"closed","ping_status":"closed","template":"","meta":{"_monsterinsights_skip_tracking":false,"_monsterinsights_sitenote_active":false,"_monsterinsights_sitenote_note":"","_monsterinsights_sitenote_category":0,"footnotes":""},"class_list":["post-61","page","type-page","status-publish","hentry"],"yoast_head":"<!-- This site is optimized with the Yoast SEO plugin v26.7 - https:\/\/yoast.com\/wordpress\/plugins\/seo\/ -->\n<title>Tagok - Rudas-rend<\/title>\n<meta name=\"robots\" content=\"index, follow, max-snippet:-1, max-image-preview:large, max-video-preview:-1\" \/>\n<link rel=\"canonical\" href=\"https:\/\/rudasrend.hu\/?page_id=61\" \/>\n<meta property=\"og:locale\" content=\"hu_HU\" \/>\n<meta property=\"og:type\" content=\"article\" \/>\n<meta property=\"og:title\" content=\"Tagok - Rudas-rend\" \/>\n<meta property=\"og:description\" content=\"Amikor 2015. j\u00fanius 15-\u00e9n\u00a0Rudas Ferenc,\u00a0a Fradi \u00e9s a magyar v\u00e1logatott akkori legid\u0151sebb \u00e9l\u0151 labdar\u00fag\u00f3ja \u00e1tvette a\u00a0Budapest d\u00edszpolg\u00e1ra\u00a0kit\u00fcntet\u00e9st, bejelentette, hogy l\u00e9trehoz egy\u00a0Rudas-rend\u00a0elnevez\u00e9s\u0171 d\u00edjat. A d\u00edjban azok r\u00e9szes\u00fclhettek, akik nem sportol\u00f3k\u00e9nt kiemelked\u0151 m\u00f3don seg\u00edtett\u00e9k, t\u00e1mogatt\u00e1k az FTC-t \u00e9s az FTC Bar\u00e1ti K\u00f6rt. &hellip; Egy kattint\u00e1s ide a folytat\u00e1shoz.... &rarr;\" \/>\n<meta property=\"og:url\" content=\"https:\/\/rudasrend.hu\/?page_id=61\" \/>\n<meta property=\"og:site_name\" content=\"Rudas-rend\" \/>\n<meta property=\"article:modified_time\" content=\"2025-07-04T14:33:58+00:00\" \/>\n<meta property=\"og:image\" content=\"http:\/\/www.ftcbaratikor.hu\/wp-content\/uploads\/2015\/12\/DSCN3689-191x300.jpg\" \/>\n<meta name=\"twitter:card\" content=\"summary_large_image\" \/>\n<meta name=\"twitter:label1\" content=\"Becs\u00fclt olvas\u00e1si id\u0151\" \/>\n\t<meta name=\"twitter:data1\" content=\"3 perc\" \/>\n<script type=\"application\/ld+json\" class=\"yoast-schema-graph\">{\"@context\":\"https:\/\/schema.org\",\"@graph\":[{\"@type\":\"WebPage\",\"@id\":\"https:\/\/rudasrend.hu\/?page_id=61\",\"url\":\"https:\/\/rudasrend.hu\/?page_id=61\",\"name\":\"Tagok - Rudas-rend\",\"isPartOf\":{\"@id\":\"https:\/\/rudasrend.hu\/#website\"},\"primaryImageOfPage\":{\"@id\":\"https:\/\/rudasrend.hu\/?page_id=61#primaryimage\"},\"image\":{\"@id\":\"https:\/\/rudasrend.hu\/?page_id=61#primaryimage\"},\"thumbnailUrl\":\"http:\/\/www.ftcbaratikor.hu\/wp-content\/uploads\/2015\/12\/DSCN3689-191x300.jpg\",\"datePublished\":\"2023-07-08T10:25:42+00:00\",\"dateModified\":\"2025-07-04T14:33:58+00:00\",\"breadcrumb\":{\"@id\":\"https:\/\/rudasrend.hu\/?page_id=61#breadcrumb\"},\"inLanguage\":\"hu\",\"potentialAction\":[{\"@type\":\"ReadAction\",\"target\":[\"https:\/\/rudasrend.hu\/?page_id=61\"]}]},{\"@type\":\"ImageObject\",\"inLanguage\":\"hu\",\"@id\":\"https:\/\/rudasrend.hu\/?page_id=61#primaryimage\",\"url\":\"http:\/\/www.ftcbaratikor.hu\/wp-content\/uploads\/2015\/12\/DSCN3689-191x300.jpg\",\"contentUrl\":\"http:\/\/www.ftcbaratikor.hu\/wp-content\/uploads\/2015\/12\/DSCN3689-191x300.jpg\"},{\"@type\":\"BreadcrumbList\",\"@id\":\"https:\/\/rudasrend.hu\/?page_id=61#breadcrumb\",\"itemListElement\":[{\"@type\":\"ListItem\",\"position\":1,\"name\":\"Home\",\"item\":\"https:\/\/rudasrend.hu\/\"},{\"@type\":\"ListItem\",\"position\":2,\"name\":\"Tagok\"}]},{\"@type\":\"WebSite\",\"@id\":\"https:\/\/rudasrend.hu\/#website\",\"url\":\"https:\/\/rudasrend.hu\/\",\"name\":\"Rudas-rend\",\"description\":\"\",\"potentialAction\":[{\"@type\":\"SearchAction\",\"target\":{\"@type\":\"EntryPoint\",\"urlTemplate\":\"https:\/\/rudasrend.hu\/?s={search_term_string}\"},\"query-input\":{\"@type\":\"PropertyValueSpecification\",\"valueRequired\":true,\"valueName\":\"search_term_string\"}}],\"inLanguage\":\"hu\"}]}<\/script>\n<!-- \/ Yoast SEO plugin. -->","yoast_head_json":{"title":"Tagok - Rudas-rend","robots":{"index":"index","follow":"follow","max-snippet":"max-snippet:-1","max-image-preview":"max-image-preview:large","max-video-preview":"max-video-preview:-1"},"canonical":"https:\/\/rudasrend.hu\/?page_id=61","og_locale":"hu_HU","og_type":"article","og_title":"Tagok - Rudas-rend","og_description":"Amikor 2015. j\u00fanius 15-\u00e9n\u00a0Rudas Ferenc,\u00a0a Fradi \u00e9s a magyar v\u00e1logatott akkori legid\u0151sebb \u00e9l\u0151 labdar\u00fag\u00f3ja \u00e1tvette a\u00a0Budapest d\u00edszpolg\u00e1ra\u00a0kit\u00fcntet\u00e9st, bejelentette, hogy l\u00e9trehoz egy\u00a0Rudas-rend\u00a0elnevez\u00e9s\u0171 d\u00edjat. A d\u00edjban azok r\u00e9szes\u00fclhettek, akik nem sportol\u00f3k\u00e9nt kiemelked\u0151 m\u00f3don seg\u00edtett\u00e9k, t\u00e1mogatt\u00e1k az FTC-t \u00e9s az FTC Bar\u00e1ti K\u00f6rt. &hellip; Egy kattint\u00e1s ide a folytat\u00e1shoz.... &rarr;","og_url":"https:\/\/rudasrend.hu\/?page_id=61","og_site_name":"Rudas-rend","article_modified_time":"2025-07-04T14:33:58+00:00","og_image":[{"url":"http:\/\/www.ftcbaratikor.hu\/wp-content\/uploads\/2015\/12\/DSCN3689-191x300.jpg","type":"","width":"","height":""}],"twitter_card":"summary_large_image","twitter_misc":{"Becs\u00fclt olvas\u00e1si id\u0151":"3 perc"},"schema":{"@context":"https:\/\/schema.org","@graph":[{"@type":"WebPage","@id":"https:\/\/rudasrend.hu\/?page_id=61","url":"https:\/\/rudasrend.hu\/?page_id=61","name":"Tagok - Rudas-rend","isPartOf":{"@id":"https:\/\/rudasrend.hu\/#website"},"primaryImageOfPage":{"@id":"https:\/\/rudasrend.hu\/?page_id=61#primaryimage"},"image":{"@id":"https:\/\/rudasrend.hu\/?page_id=61#primaryimage"},"thumbnailUrl":"http:\/\/www.ftcbaratikor.hu\/wp-content\/uploads\/2015\/12\/DSCN3689-191x300.jpg","datePublished":"2023-07-08T10:25:42+00:00","dateModified":"2025-07-04T14:33:58+00:00","breadcrumb":{"@id":"https:\/\/rudasrend.hu\/?page_id=61#breadcrumb"},"inLanguage":"hu","potentialAction":[{"@type":"ReadAction","target":["https:\/\/rudasrend.hu\/?page_id=61"]}]},{"@type":"ImageObject","inLanguage":"hu","@id":"https:\/\/rudasrend.hu\/?page_id=61#primaryimage","url":"http:\/\/www.ftcbaratikor.hu\/wp-content\/uploads\/2015\/12\/DSCN3689-191x300.jpg","contentUrl":"http:\/\/www.ftcbaratikor.hu\/wp-content\/uploads\/2015\/12\/DSCN3689-191x300.jpg"},{"@type":"BreadcrumbList","@id":"https:\/\/rudasrend.hu\/?page_id=61#breadcrumb","itemListElement":[{"@type":"ListItem","position":1,"name":"Home","item":"https:\/\/rudasrend.hu\/"},{"@type":"ListItem","position":2,"name":"Tagok"}]},{"@type":"WebSite","@id":"https:\/\/rudasrend.hu\/#website","url":"https:\/\/rudasrend.hu\/","name":"Rudas-rend","description":"","potentialAction":[{"@type":"SearchAction","target":{"@type":"EntryPoint","urlTemplate":"https:\/\/rudasrend.hu\/?s={search_term_string}"},"query-input":{"@type":"PropertyValueSpecification","valueRequired":true,"valueName":"search_term_string"}}],"inLanguage":"hu"}]}},"_links":{"self":[{"href":"https:\/\/rudasrend.hu\/index.php?rest_route=\/wp\/v2\/pages\/61","targetHints":{"allow":["GET"]}}],"collection":[{"href":"https:\/\/rudasrend.hu\/index.php?rest_route=\/wp\/v2\/pages"}],"about":[{"href":"https:\/\/rudasrend.hu\/index.php?rest_route=\/wp\/v2\/types\/page"}],"author":[{"embeddable":true,"href":"https:\/\/rudasrend.hu\/index.php?rest_route=\/wp\/v2\/users\/1"}],"replies":[{"embeddable":true,"href":"https:\/\/rudasrend.hu\/index.php?rest_route=%2Fwp%2Fv2%2Fcomments&post=61"}],"version-history":[{"count":4,"href":"https:\/\/rudasrend.hu\/index.php?rest_route=\/wp\/v2\/pages\/61\/revisions"}],"predecessor-version":[{"id":299,"href":"https:\/\/rudasrend.hu\/index.php?rest_route=\/wp\/v2\/pages\/61\/revisions\/299"}],"wp:attachment":[{"href":"https:\/\/rudasrend.hu\/index.php?rest_route=%2Fwp%2Fv2%2Fmedia&parent=61"}],"curies":[{"name":"wp","href":"https:\/\/api.w.org\/{rel}","templated":true}]}}