{"id":77,"date":"2023-07-08T14:04:12","date_gmt":"2023-07-08T12:04:12","guid":{"rendered":"https:\/\/rudasrend.hu\/?page_id=77"},"modified":"2023-07-08T14:25:52","modified_gmt":"2023-07-08T12:25:52","slug":"2015-december-3","status":"publish","type":"page","link":"https:\/\/rudasrend.hu\/?page_id=77","title":{"rendered":"2015.12.03."},"content":{"rendered":"\n<p>Az els\u0151 tal\u00e1lkoz\u00f3, amikor az els\u0151 kiv\u00e1lasztottak megkapt\u00e1k a kit\u00fcntet\u00e9st.<img loading=\"lazy\" decoding=\"async\" width=\"650\" height=\"426\" class=\"wp-image-15\" style=\"width: 650px;\" src=\"http:\/\/rudasrend.hu\/wp-content\/uploads\/2023\/07\/RR-201512.jpg\" alt=\"\" srcset=\"https:\/\/rudasrend.hu\/wp-content\/uploads\/2023\/07\/RR-201512.jpg 800w, https:\/\/rudasrend.hu\/wp-content\/uploads\/2023\/07\/RR-201512-300x197.jpg 300w, https:\/\/rudasrend.hu\/wp-content\/uploads\/2023\/07\/RR-201512-768x503.jpg 768w\" sizes=\"auto, (max-width: 650px) 100vw, 650px\" \/><\/p>\n\n\n\n<p>Az esem\u00e9nyr\u0151l a Fradim\u00e9dia j\u00f3volt\u00e1b\u00f3l felv\u00e9telek is k\u00e9sz\u00fcltek.<\/p>\n\n\n\n<figure class=\"wp-block-embed is-type-rich is-provider-beagyazas-kezelo wp-block-embed-beagyazas-kezelo wp-embed-aspect-16-9 wp-has-aspect-ratio\"><div class=\"wp-block-embed__wrapper\">\n<iframe loading=\"lazy\" title=\"FM |Akik sokat tettek \u00e9rt\u00fcnk  | 2015.12.03.\" width=\"584\" height=\"329\" src=\"https:\/\/www.youtube.com\/embed\/ndVBhwaIo1k?feature=oembed\" frameborder=\"0\" allow=\"accelerometer; autoplay; clipboard-write; encrypted-media; gyroscope; picture-in-picture; web-share\" referrerpolicy=\"strict-origin-when-cross-origin\" allowfullscreen><\/iframe>\n<\/div><\/figure>\n","protected":false},"excerpt":{"rendered":"<p>Az els\u0151 tal\u00e1lkoz\u00f3, amikor az els\u0151 kiv\u00e1lasztottak megkapt\u00e1k a kit\u00fcntet\u00e9st. Az esem\u00e9nyr\u0151l a Fradim\u00e9dia j\u00f3volt\u00e1b\u00f3l felv\u00e9telek is k\u00e9sz\u00fcltek.<\/p>\n","protected":false},"author":1,"featured_media":0,"parent":72,"menu_order":1,"comment_status":"closed","ping_status":"closed","template":"","meta":{"_monsterinsights_skip_tracking":false,"_monsterinsights_sitenote_active":false,"_monsterinsights_sitenote_note":"","_monsterinsights_sitenote_category":0,"footnotes":""},"class_list":["post-77","page","type-page","status-publish","hentry"],"yoast_head":"<!-- This site is optimized with the Yoast SEO plugin v26.7 - https:\/\/yoast.com\/wordpress\/plugins\/seo\/ -->\n<title>2015.12.03. - Rudas-rend<\/title>\n<meta name=\"robots\" content=\"index, follow, max-snippet:-1, max-image-preview:large, max-video-preview:-1\" \/>\n<link rel=\"canonical\" href=\"https:\/\/rudasrend.hu\/?page_id=77\" \/>\n<meta property=\"og:locale\" content=\"hu_HU\" \/>\n<meta property=\"og:type\" content=\"article\" \/>\n<meta property=\"og:title\" content=\"2015.12.03. - Rudas-rend\" \/>\n<meta property=\"og:description\" content=\"Az els\u0151 tal\u00e1lkoz\u00f3, amikor az els\u0151 kiv\u00e1lasztottak megkapt\u00e1k a kit\u00fcntet\u00e9st. Az esem\u00e9nyr\u0151l a Fradim\u00e9dia j\u00f3volt\u00e1b\u00f3l felv\u00e9telek is k\u00e9sz\u00fcltek.\" \/>\n<meta property=\"og:url\" content=\"https:\/\/rudasrend.hu\/?page_id=77\" \/>\n<meta property=\"og:site_name\" content=\"Rudas-rend\" \/>\n<meta property=\"article:modified_time\" content=\"2023-07-08T12:25:52+00:00\" \/>\n<meta property=\"og:image\" content=\"http:\/\/rudasrend.hu\/wp-content\/uploads\/2023\/07\/RR-201512.jpg\" \/>\n<meta name=\"twitter:card\" content=\"summary_large_image\" \/>\n<meta name=\"twitter:label1\" content=\"Becs\u00fclt olvas\u00e1si id\u0151\" \/>\n\t<meta name=\"twitter:data1\" content=\"1 perc\" \/>\n<script type=\"application\/ld+json\" class=\"yoast-schema-graph\">{\"@context\":\"https:\/\/schema.org\",\"@graph\":[{\"@type\":\"WebPage\",\"@id\":\"https:\/\/rudasrend.hu\/?page_id=77\",\"url\":\"https:\/\/rudasrend.hu\/?page_id=77\",\"name\":\"2015.12.03. - Rudas-rend\",\"isPartOf\":{\"@id\":\"https:\/\/rudasrend.hu\/#website\"},\"primaryImageOfPage\":{\"@id\":\"https:\/\/rudasrend.hu\/?page_id=77#primaryimage\"},\"image\":{\"@id\":\"https:\/\/rudasrend.hu\/?page_id=77#primaryimage\"},\"thumbnailUrl\":\"http:\/\/rudasrend.hu\/wp-content\/uploads\/2023\/07\/RR-201512.jpg\",\"datePublished\":\"2023-07-08T12:04:12+00:00\",\"dateModified\":\"2023-07-08T12:25:52+00:00\",\"breadcrumb\":{\"@id\":\"https:\/\/rudasrend.hu\/?page_id=77#breadcrumb\"},\"inLanguage\":\"hu\",\"potentialAction\":[{\"@type\":\"ReadAction\",\"target\":[\"https:\/\/rudasrend.hu\/?page_id=77\"]}]},{\"@type\":\"ImageObject\",\"inLanguage\":\"hu\",\"@id\":\"https:\/\/rudasrend.hu\/?page_id=77#primaryimage\",\"url\":\"http:\/\/rudasrend.hu\/wp-content\/uploads\/2023\/07\/RR-201512.jpg\",\"contentUrl\":\"http:\/\/rudasrend.hu\/wp-content\/uploads\/2023\/07\/RR-201512.jpg\"},{\"@type\":\"BreadcrumbList\",\"@id\":\"https:\/\/rudasrend.hu\/?page_id=77#breadcrumb\",\"itemListElement\":[{\"@type\":\"ListItem\",\"position\":1,\"name\":\"Home\",\"item\":\"https:\/\/rudasrend.hu\/\"},{\"@type\":\"ListItem\",\"position\":2,\"name\":\"Tal\u00e1lkoz\u00f3k\",\"item\":\"https:\/\/rudasrend.hu\/?page_id=72\"},{\"@type\":\"ListItem\",\"position\":3,\"name\":\"2015.12.03.\"}]},{\"@type\":\"WebSite\",\"@id\":\"https:\/\/rudasrend.hu\/#website\",\"url\":\"https:\/\/rudasrend.hu\/\",\"name\":\"Rudas-rend\",\"description\":\"\",\"potentialAction\":[{\"@type\":\"SearchAction\",\"target\":{\"@type\":\"EntryPoint\",\"urlTemplate\":\"https:\/\/rudasrend.hu\/?s={search_term_string}\"},\"query-input\":{\"@type\":\"PropertyValueSpecification\",\"valueRequired\":true,\"valueName\":\"search_term_string\"}}],\"inLanguage\":\"hu\"}]}<\/script>\n<!-- \/ Yoast SEO plugin. -->","yoast_head_json":{"title":"2015.12.03. - Rudas-rend","robots":{"index":"index","follow":"follow","max-snippet":"max-snippet:-1","max-image-preview":"max-image-preview:large","max-video-preview":"max-video-preview:-1"},"canonical":"https:\/\/rudasrend.hu\/?page_id=77","og_locale":"hu_HU","og_type":"article","og_title":"2015.12.03. - Rudas-rend","og_description":"Az els\u0151 tal\u00e1lkoz\u00f3, amikor az els\u0151 kiv\u00e1lasztottak megkapt\u00e1k a kit\u00fcntet\u00e9st. Az esem\u00e9nyr\u0151l a Fradim\u00e9dia j\u00f3volt\u00e1b\u00f3l felv\u00e9telek is k\u00e9sz\u00fcltek.","og_url":"https:\/\/rudasrend.hu\/?page_id=77","og_site_name":"Rudas-rend","article_modified_time":"2023-07-08T12:25:52+00:00","og_image":[{"url":"http:\/\/rudasrend.hu\/wp-content\/uploads\/2023\/07\/RR-201512.jpg","type":"","width":"","height":""}],"twitter_card":"summary_large_image","twitter_misc":{"Becs\u00fclt olvas\u00e1si id\u0151":"1 perc"},"schema":{"@context":"https:\/\/schema.org","@graph":[{"@type":"WebPage","@id":"https:\/\/rudasrend.hu\/?page_id=77","url":"https:\/\/rudasrend.hu\/?page_id=77","name":"2015.12.03. - Rudas-rend","isPartOf":{"@id":"https:\/\/rudasrend.hu\/#website"},"primaryImageOfPage":{"@id":"https:\/\/rudasrend.hu\/?page_id=77#primaryimage"},"image":{"@id":"https:\/\/rudasrend.hu\/?page_id=77#primaryimage"},"thumbnailUrl":"http:\/\/rudasrend.hu\/wp-content\/uploads\/2023\/07\/RR-201512.jpg","datePublished":"2023-07-08T12:04:12+00:00","dateModified":"2023-07-08T12:25:52+00:00","breadcrumb":{"@id":"https:\/\/rudasrend.hu\/?page_id=77#breadcrumb"},"inLanguage":"hu","potentialAction":[{"@type":"ReadAction","target":["https:\/\/rudasrend.hu\/?page_id=77"]}]},{"@type":"ImageObject","inLanguage":"hu","@id":"https:\/\/rudasrend.hu\/?page_id=77#primaryimage","url":"http:\/\/rudasrend.hu\/wp-content\/uploads\/2023\/07\/RR-201512.jpg","contentUrl":"http:\/\/rudasrend.hu\/wp-content\/uploads\/2023\/07\/RR-201512.jpg"},{"@type":"BreadcrumbList","@id":"https:\/\/rudasrend.hu\/?page_id=77#breadcrumb","itemListElement":[{"@type":"ListItem","position":1,"name":"Home","item":"https:\/\/rudasrend.hu\/"},{"@type":"ListItem","position":2,"name":"Tal\u00e1lkoz\u00f3k","item":"https:\/\/rudasrend.hu\/?page_id=72"},{"@type":"ListItem","position":3,"name":"2015.12.03."}]},{"@type":"WebSite","@id":"https:\/\/rudasrend.hu\/#website","url":"https:\/\/rudasrend.hu\/","name":"Rudas-rend","description":"","potentialAction":[{"@type":"SearchAction","target":{"@type":"EntryPoint","urlTemplate":"https:\/\/rudasrend.hu\/?s={search_term_string}"},"query-input":{"@type":"PropertyValueSpecification","valueRequired":true,"valueName":"search_term_string"}}],"inLanguage":"hu"}]}},"_links":{"self":[{"href":"https:\/\/rudasrend.hu\/index.php?rest_route=\/wp\/v2\/pages\/77","targetHints":{"allow":["GET"]}}],"collection":[{"href":"https:\/\/rudasrend.hu\/index.php?rest_route=\/wp\/v2\/pages"}],"about":[{"href":"https:\/\/rudasrend.hu\/index.php?rest_route=\/wp\/v2\/types\/page"}],"author":[{"embeddable":true,"href":"https:\/\/rudasrend.hu\/index.php?rest_route=\/wp\/v2\/users\/1"}],"replies":[{"embeddable":true,"href":"https:\/\/rudasrend.hu\/index.php?rest_route=%2Fwp%2Fv2%2Fcomments&post=77"}],"version-history":[{"count":3,"href":"https:\/\/rudasrend.hu\/index.php?rest_route=\/wp\/v2\/pages\/77\/revisions"}],"predecessor-version":[{"id":89,"href":"https:\/\/rudasrend.hu\/index.php?rest_route=\/wp\/v2\/pages\/77\/revisions\/89"}],"up":[{"embeddable":true,"href":"https:\/\/rudasrend.hu\/index.php?rest_route=\/wp\/v2\/pages\/72"}],"wp:attachment":[{"href":"https:\/\/rudasrend.hu\/index.php?rest_route=%2Fwp%2Fv2%2Fmedia&parent=77"}],"curies":[{"name":"wp","href":"https:\/\/api.w.org\/{rel}","templated":true}]}}