{"id":86,"date":"2023-07-08T14:25:25","date_gmt":"2023-07-08T12:25:25","guid":{"rendered":"https:\/\/rudasrend.hu\/?page_id=86"},"modified":"2023-07-08T15:08:08","modified_gmt":"2023-07-08T13:08:08","slug":"2022-12-02","status":"publish","type":"page","link":"https:\/\/rudasrend.hu\/?page_id=86","title":{"rendered":"2022.12.02."},"content":{"rendered":"\n<p>A 2022-es \u00e9v m\u00e1sodik tal\u00e1lkoz\u00f3j\u00e1n is egyed\u00fcl\u00e1ll\u00f3 pillanatokat \u00e9lhettek \u00e1t a Rend tagjai. Tagt\u00e1rsuk, a Fradi M\u00fazeum vezet\u0151je, Tobak Csaba k\u00eds\u00e9rte k\u00f6rbe \u0151ket a nem sokkal kor\u00e1bban meg\u00fajult Fradi M\u00fazeumban. A m\u00fazeumt\u00fara ut\u00e1n a csoport a N\u00e9pligetbe l\u00e1togatott, ahol egy k\u00f6z\u00f6s vacsora k\u00f6zben k\u00f6tetlen\u00fcl besz\u00e9lgettek a klubunkat \u00e9rint\u0151 aktu\u00e1lis \u00fcgyekr\u0151l. <img loading=\"lazy\" decoding=\"async\" width=\"650\" height=\"366\" class=\"wp-image-87\" style=\"width: 650px;\" src=\"http:\/\/rudasrend.hu\/wp-content\/uploads\/2023\/07\/RR-20221202.jpg\" alt=\"\" srcset=\"https:\/\/rudasrend.hu\/wp-content\/uploads\/2023\/07\/RR-20221202.jpg 1240w, https:\/\/rudasrend.hu\/wp-content\/uploads\/2023\/07\/RR-20221202-300x169.jpg 300w, https:\/\/rudasrend.hu\/wp-content\/uploads\/2023\/07\/RR-20221202-1024x576.jpg 1024w, https:\/\/rudasrend.hu\/wp-content\/uploads\/2023\/07\/RR-20221202-768x432.jpg 768w, https:\/\/rudasrend.hu\/wp-content\/uploads\/2023\/07\/RR-20221202-500x281.jpg 500w\" sizes=\"auto, (max-width: 650px) 100vw, 650px\" \/><\/p>\n","protected":false},"excerpt":{"rendered":"<p>A 2022-es \u00e9v m\u00e1sodik tal\u00e1lkoz\u00f3j\u00e1n is egyed\u00fcl\u00e1ll\u00f3 pillanatokat \u00e9lhettek \u00e1t a Rend tagjai. Tagt\u00e1rsuk, a Fradi M\u00fazeum vezet\u0151je, Tobak Csaba k\u00eds\u00e9rte k\u00f6rbe \u0151ket a nem sokkal kor\u00e1bban meg\u00fajult Fradi M\u00fazeumban. A m\u00fazeumt\u00fara ut\u00e1n a csoport a N\u00e9pligetbe l\u00e1togatott, ahol egy &hellip; <a href=\"https:\/\/rudasrend.hu\/?page_id=86\">Egy kattint\u00e1s ide a folytat\u00e1shoz&#8230;. <span class=\"meta-nav\">&rarr;<\/span><\/a><\/p>\n","protected":false},"author":1,"featured_media":0,"parent":72,"menu_order":7,"comment_status":"closed","ping_status":"closed","template":"","meta":{"_monsterinsights_skip_tracking":false,"_monsterinsights_sitenote_active":false,"_monsterinsights_sitenote_note":"","_monsterinsights_sitenote_category":0,"footnotes":""},"class_list":["post-86","page","type-page","status-publish","hentry"],"yoast_head":"<!-- This site is optimized with the Yoast SEO plugin v26.7 - https:\/\/yoast.com\/wordpress\/plugins\/seo\/ -->\n<title>2022.12.02. - Rudas-rend<\/title>\n<meta name=\"robots\" content=\"index, follow, max-snippet:-1, max-image-preview:large, max-video-preview:-1\" \/>\n<link rel=\"canonical\" href=\"https:\/\/rudasrend.hu\/?page_id=86\" \/>\n<meta property=\"og:locale\" content=\"hu_HU\" \/>\n<meta property=\"og:type\" content=\"article\" \/>\n<meta property=\"og:title\" content=\"2022.12.02. - Rudas-rend\" \/>\n<meta property=\"og:description\" content=\"A 2022-es \u00e9v m\u00e1sodik tal\u00e1lkoz\u00f3j\u00e1n is egyed\u00fcl\u00e1ll\u00f3 pillanatokat \u00e9lhettek \u00e1t a Rend tagjai. Tagt\u00e1rsuk, a Fradi M\u00fazeum vezet\u0151je, Tobak Csaba k\u00eds\u00e9rte k\u00f6rbe \u0151ket a nem sokkal kor\u00e1bban meg\u00fajult Fradi M\u00fazeumban. A m\u00fazeumt\u00fara ut\u00e1n a csoport a N\u00e9pligetbe l\u00e1togatott, ahol egy &hellip; Egy kattint\u00e1s ide a folytat\u00e1shoz.... &rarr;\" \/>\n<meta property=\"og:url\" content=\"https:\/\/rudasrend.hu\/?page_id=86\" \/>\n<meta property=\"og:site_name\" content=\"Rudas-rend\" \/>\n<meta property=\"article:modified_time\" content=\"2023-07-08T13:08:08+00:00\" \/>\n<meta property=\"og:image\" content=\"http:\/\/rudasrend.hu\/wp-content\/uploads\/2023\/07\/RR-20221202.jpg\" \/>\n<meta name=\"twitter:card\" content=\"summary_large_image\" \/>\n<meta name=\"twitter:label1\" content=\"Becs\u00fclt olvas\u00e1si id\u0151\" \/>\n\t<meta name=\"twitter:data1\" content=\"1 perc\" \/>\n<script type=\"application\/ld+json\" class=\"yoast-schema-graph\">{\"@context\":\"https:\/\/schema.org\",\"@graph\":[{\"@type\":\"WebPage\",\"@id\":\"https:\/\/rudasrend.hu\/?page_id=86\",\"url\":\"https:\/\/rudasrend.hu\/?page_id=86\",\"name\":\"2022.12.02. - Rudas-rend\",\"isPartOf\":{\"@id\":\"https:\/\/rudasrend.hu\/#website\"},\"primaryImageOfPage\":{\"@id\":\"https:\/\/rudasrend.hu\/?page_id=86#primaryimage\"},\"image\":{\"@id\":\"https:\/\/rudasrend.hu\/?page_id=86#primaryimage\"},\"thumbnailUrl\":\"http:\/\/rudasrend.hu\/wp-content\/uploads\/2023\/07\/RR-20221202.jpg\",\"datePublished\":\"2023-07-08T12:25:25+00:00\",\"dateModified\":\"2023-07-08T13:08:08+00:00\",\"breadcrumb\":{\"@id\":\"https:\/\/rudasrend.hu\/?page_id=86#breadcrumb\"},\"inLanguage\":\"hu\",\"potentialAction\":[{\"@type\":\"ReadAction\",\"target\":[\"https:\/\/rudasrend.hu\/?page_id=86\"]}]},{\"@type\":\"ImageObject\",\"inLanguage\":\"hu\",\"@id\":\"https:\/\/rudasrend.hu\/?page_id=86#primaryimage\",\"url\":\"http:\/\/rudasrend.hu\/wp-content\/uploads\/2023\/07\/RR-20221202.jpg\",\"contentUrl\":\"http:\/\/rudasrend.hu\/wp-content\/uploads\/2023\/07\/RR-20221202.jpg\"},{\"@type\":\"BreadcrumbList\",\"@id\":\"https:\/\/rudasrend.hu\/?page_id=86#breadcrumb\",\"itemListElement\":[{\"@type\":\"ListItem\",\"position\":1,\"name\":\"Home\",\"item\":\"https:\/\/rudasrend.hu\/\"},{\"@type\":\"ListItem\",\"position\":2,\"name\":\"Tal\u00e1lkoz\u00f3k\",\"item\":\"https:\/\/rudasrend.hu\/?page_id=72\"},{\"@type\":\"ListItem\",\"position\":3,\"name\":\"2022.12.02.\"}]},{\"@type\":\"WebSite\",\"@id\":\"https:\/\/rudasrend.hu\/#website\",\"url\":\"https:\/\/rudasrend.hu\/\",\"name\":\"Rudas-rend\",\"description\":\"\",\"potentialAction\":[{\"@type\":\"SearchAction\",\"target\":{\"@type\":\"EntryPoint\",\"urlTemplate\":\"https:\/\/rudasrend.hu\/?s={search_term_string}\"},\"query-input\":{\"@type\":\"PropertyValueSpecification\",\"valueRequired\":true,\"valueName\":\"search_term_string\"}}],\"inLanguage\":\"hu\"}]}<\/script>\n<!-- \/ Yoast SEO plugin. -->","yoast_head_json":{"title":"2022.12.02. - Rudas-rend","robots":{"index":"index","follow":"follow","max-snippet":"max-snippet:-1","max-image-preview":"max-image-preview:large","max-video-preview":"max-video-preview:-1"},"canonical":"https:\/\/rudasrend.hu\/?page_id=86","og_locale":"hu_HU","og_type":"article","og_title":"2022.12.02. - Rudas-rend","og_description":"A 2022-es \u00e9v m\u00e1sodik tal\u00e1lkoz\u00f3j\u00e1n is egyed\u00fcl\u00e1ll\u00f3 pillanatokat \u00e9lhettek \u00e1t a Rend tagjai. Tagt\u00e1rsuk, a Fradi M\u00fazeum vezet\u0151je, Tobak Csaba k\u00eds\u00e9rte k\u00f6rbe \u0151ket a nem sokkal kor\u00e1bban meg\u00fajult Fradi M\u00fazeumban. A m\u00fazeumt\u00fara ut\u00e1n a csoport a N\u00e9pligetbe l\u00e1togatott, ahol egy &hellip; Egy kattint\u00e1s ide a folytat\u00e1shoz.... &rarr;","og_url":"https:\/\/rudasrend.hu\/?page_id=86","og_site_name":"Rudas-rend","article_modified_time":"2023-07-08T13:08:08+00:00","og_image":[{"url":"http:\/\/rudasrend.hu\/wp-content\/uploads\/2023\/07\/RR-20221202.jpg","type":"","width":"","height":""}],"twitter_card":"summary_large_image","twitter_misc":{"Becs\u00fclt olvas\u00e1si id\u0151":"1 perc"},"schema":{"@context":"https:\/\/schema.org","@graph":[{"@type":"WebPage","@id":"https:\/\/rudasrend.hu\/?page_id=86","url":"https:\/\/rudasrend.hu\/?page_id=86","name":"2022.12.02. - Rudas-rend","isPartOf":{"@id":"https:\/\/rudasrend.hu\/#website"},"primaryImageOfPage":{"@id":"https:\/\/rudasrend.hu\/?page_id=86#primaryimage"},"image":{"@id":"https:\/\/rudasrend.hu\/?page_id=86#primaryimage"},"thumbnailUrl":"http:\/\/rudasrend.hu\/wp-content\/uploads\/2023\/07\/RR-20221202.jpg","datePublished":"2023-07-08T12:25:25+00:00","dateModified":"2023-07-08T13:08:08+00:00","breadcrumb":{"@id":"https:\/\/rudasrend.hu\/?page_id=86#breadcrumb"},"inLanguage":"hu","potentialAction":[{"@type":"ReadAction","target":["https:\/\/rudasrend.hu\/?page_id=86"]}]},{"@type":"ImageObject","inLanguage":"hu","@id":"https:\/\/rudasrend.hu\/?page_id=86#primaryimage","url":"http:\/\/rudasrend.hu\/wp-content\/uploads\/2023\/07\/RR-20221202.jpg","contentUrl":"http:\/\/rudasrend.hu\/wp-content\/uploads\/2023\/07\/RR-20221202.jpg"},{"@type":"BreadcrumbList","@id":"https:\/\/rudasrend.hu\/?page_id=86#breadcrumb","itemListElement":[{"@type":"ListItem","position":1,"name":"Home","item":"https:\/\/rudasrend.hu\/"},{"@type":"ListItem","position":2,"name":"Tal\u00e1lkoz\u00f3k","item":"https:\/\/rudasrend.hu\/?page_id=72"},{"@type":"ListItem","position":3,"name":"2022.12.02."}]},{"@type":"WebSite","@id":"https:\/\/rudasrend.hu\/#website","url":"https:\/\/rudasrend.hu\/","name":"Rudas-rend","description":"","potentialAction":[{"@type":"SearchAction","target":{"@type":"EntryPoint","urlTemplate":"https:\/\/rudasrend.hu\/?s={search_term_string}"},"query-input":{"@type":"PropertyValueSpecification","valueRequired":true,"valueName":"search_term_string"}}],"inLanguage":"hu"}]}},"_links":{"self":[{"href":"https:\/\/rudasrend.hu\/index.php?rest_route=\/wp\/v2\/pages\/86","targetHints":{"allow":["GET"]}}],"collection":[{"href":"https:\/\/rudasrend.hu\/index.php?rest_route=\/wp\/v2\/pages"}],"about":[{"href":"https:\/\/rudasrend.hu\/index.php?rest_route=\/wp\/v2\/types\/page"}],"author":[{"embeddable":true,"href":"https:\/\/rudasrend.hu\/index.php?rest_route=\/wp\/v2\/users\/1"}],"replies":[{"embeddable":true,"href":"https:\/\/rudasrend.hu\/index.php?rest_route=%2Fwp%2Fv2%2Fcomments&post=86"}],"version-history":[{"count":1,"href":"https:\/\/rudasrend.hu\/index.php?rest_route=\/wp\/v2\/pages\/86\/revisions"}],"predecessor-version":[{"id":88,"href":"https:\/\/rudasrend.hu\/index.php?rest_route=\/wp\/v2\/pages\/86\/revisions\/88"}],"up":[{"embeddable":true,"href":"https:\/\/rudasrend.hu\/index.php?rest_route=\/wp\/v2\/pages\/72"}],"wp:attachment":[{"href":"https:\/\/rudasrend.hu\/index.php?rest_route=%2Fwp%2Fv2%2Fmedia&parent=86"}],"curies":[{"name":"wp","href":"https:\/\/api.w.org\/{rel}","templated":true}]}}