{"id":95,"date":"2023-07-08T14:38:43","date_gmt":"2023-07-08T12:38:43","guid":{"rendered":"https:\/\/rudasrend.hu\/?page_id=95"},"modified":"2023-07-08T15:07:51","modified_gmt":"2023-07-08T13:07:51","slug":"2021-07-06","status":"publish","type":"page","link":"https:\/\/rudasrend.hu\/?page_id=95","title":{"rendered":"2021.07.06."},"content":{"rendered":"\n<p>Sz\u00fclet\u00e9s\u00e9nek centen\u00e1rium\u00e1n az FTC, az FTC Bar\u00e1ti K\u00f6r \u00e9s a Rudas-rend tagjai term\u00e9szetesen nem feledkeztek meg Rudas Ferencr\u0151l. \u00d6sszegy\u0171ltek a s\u00edrj\u00e1n\u00e1l \u00e9s elhelyezt\u00e9k koszor\u00faikat. A rajong\u00e1sig szeretett klub, a Ferencv\u00e1rosi Torna Club nev\u00e9ben Orosz P\u00e1l, az FTC Bar\u00e1ti K\u00f6r nev\u00e9ben az eln\u00f6ks\u00e9g tagja Tak\u00e1cs Tibor, a Rudas-rend tagjai nev\u00e9ben pedig a koreln\u00f6k Kopeczky Lajos \u00e9s a korjegyz\u0151nek nevezett legfiatalabb tag, Tobak Csaba helyezte el a tisztelet \u00e9s a szeretet koszor\u00fait.<img loading=\"lazy\" decoding=\"async\" width=\"650\" height=\"581\" class=\"wp-image-96\" style=\"width: 650px;\" src=\"http:\/\/rudasrend.hu\/wp-content\/uploads\/2023\/07\/RR-20210706.jpg\" alt=\"\" srcset=\"https:\/\/rudasrend.hu\/wp-content\/uploads\/2023\/07\/RR-20210706.jpg 1024w, https:\/\/rudasrend.hu\/wp-content\/uploads\/2023\/07\/RR-20210706-300x268.jpg 300w, https:\/\/rudasrend.hu\/wp-content\/uploads\/2023\/07\/RR-20210706-768x686.jpg 768w, https:\/\/rudasrend.hu\/wp-content\/uploads\/2023\/07\/RR-20210706-336x300.jpg 336w\" sizes=\"auto, (max-width: 650px) 100vw, 650px\" \/><\/p>\n\n\n\n<p>A Rudas-rend tagjai a koszor\u00faz\u00e1s ut\u00e1n k\u00fcl\u00f6n kis \u00fcnneps\u00e9gre gy\u0171ltek \u00f6ssze. Az \u00e9v elej\u00e9n t\u00e1vozott az \u00e9l\u0151k sor\u00e1b\u00f3l a Rend akkori koreln\u00f6ke, Peth\u0151 Zolt\u00e1n, akinek a hely\u00e9re a t\u00f6bbiek a szab\u00e1lyok szerint \u00faj tagot v\u00e1lasztottak, Huber Szebaszti\u00e1nt. Szebaszti\u00e1nt nem kell bemutatni a fradist\u00e1k v\u00e9gtelen t\u00e1bor\u00e1nak, nagyon sokan ismerik, mint az interneten legn\u00e9pszer\u0171bb szurkol\u00f3i oldal, az \u00dcll\u0151i129.hu egyik szerkeszt\u0151j\u00e9t. Ebb\u00e9li min\u0151s\u00e9g\u00e9ben is bebizony\u00edtotta, hogy sz\u00e1m\u00e1ra mit jelent az FTC, nemcsak akkor szereti, ha sikerek vannak, hanem akkor is, mikor ezen felt\u00e9tlen szeretet miatt t\u00e1mad\u00e1sok \u00e9rik. Nagy t\u00fcrelemmel \u00e9s szeretettel ir\u00e1ny\u00edt egy v\u00e9lem\u00e9nyform\u00e1l\u00f3 virtu\u00e1lis k\u00f6z\u00f6ss\u00e9get, amely sok embernek egy t\u00e9nyleges kapcsol\u00f3d\u00e1si pontot \u00e9s kapaszkod\u00f3t jelent az \u00e9letben. \u00dcdv\u00f6z\u00f6lj\u00fck \u0151t ez\u00faton is a Rudas-rend tagjainak a sor\u00e1ban, ahol a szab\u00e1lyok szerint azonnal funkci\u00f3ja is lett, \u00e9letkora r\u00e9v\u00e9n \u0151 lett az \u00faj korjegyz\u0151. <img loading=\"lazy\" decoding=\"async\" width=\"650\" height=\"585\" class=\"wp-image-97\" style=\"width: 650px;\" src=\"http:\/\/rudasrend.hu\/wp-content\/uploads\/2023\/07\/HSZ-RR.jpg\" alt=\"\" srcset=\"https:\/\/rudasrend.hu\/wp-content\/uploads\/2023\/07\/HSZ-RR.jpg 620w, https:\/\/rudasrend.hu\/wp-content\/uploads\/2023\/07\/HSZ-RR-300x270.jpg 300w, https:\/\/rudasrend.hu\/wp-content\/uploads\/2023\/07\/HSZ-RR-333x300.jpg 333w\" sizes=\"auto, (max-width: 650px) 100vw, 650px\" \/><\/p>\n","protected":false},"excerpt":{"rendered":"<p>Sz\u00fclet\u00e9s\u00e9nek centen\u00e1rium\u00e1n az FTC, az FTC Bar\u00e1ti K\u00f6r \u00e9s a Rudas-rend tagjai term\u00e9szetesen nem feledkeztek meg Rudas Ferencr\u0151l. \u00d6sszegy\u0171ltek a s\u00edrj\u00e1n\u00e1l \u00e9s elhelyezt\u00e9k koszor\u00faikat. A rajong\u00e1sig szeretett klub, a Ferencv\u00e1rosi Torna Club nev\u00e9ben Orosz P\u00e1l, az FTC Bar\u00e1ti K\u00f6r nev\u00e9ben &hellip; <a href=\"https:\/\/rudasrend.hu\/?page_id=95\">Egy kattint\u00e1s ide a folytat\u00e1shoz&#8230;. <span class=\"meta-nav\">&rarr;<\/span><\/a><\/p>\n","protected":false},"author":1,"featured_media":0,"parent":72,"menu_order":5,"comment_status":"closed","ping_status":"closed","template":"","meta":{"_monsterinsights_skip_tracking":false,"_monsterinsights_sitenote_active":false,"_monsterinsights_sitenote_note":"","_monsterinsights_sitenote_category":0,"footnotes":""},"class_list":["post-95","page","type-page","status-publish","hentry"],"yoast_head":"<!-- This site is optimized with the Yoast SEO plugin v26.7 - https:\/\/yoast.com\/wordpress\/plugins\/seo\/ -->\n<title>2021.07.06. - Rudas-rend<\/title>\n<meta name=\"robots\" content=\"index, follow, max-snippet:-1, max-image-preview:large, max-video-preview:-1\" \/>\n<link rel=\"canonical\" href=\"https:\/\/rudasrend.hu\/?page_id=95\" \/>\n<meta property=\"og:locale\" content=\"hu_HU\" \/>\n<meta property=\"og:type\" content=\"article\" \/>\n<meta property=\"og:title\" content=\"2021.07.06. - Rudas-rend\" \/>\n<meta property=\"og:description\" content=\"Sz\u00fclet\u00e9s\u00e9nek centen\u00e1rium\u00e1n az FTC, az FTC Bar\u00e1ti K\u00f6r \u00e9s a Rudas-rend tagjai term\u00e9szetesen nem feledkeztek meg Rudas Ferencr\u0151l. \u00d6sszegy\u0171ltek a s\u00edrj\u00e1n\u00e1l \u00e9s elhelyezt\u00e9k koszor\u00faikat. A rajong\u00e1sig szeretett klub, a Ferencv\u00e1rosi Torna Club nev\u00e9ben Orosz P\u00e1l, az FTC Bar\u00e1ti K\u00f6r nev\u00e9ben &hellip; Egy kattint\u00e1s ide a folytat\u00e1shoz.... &rarr;\" \/>\n<meta property=\"og:url\" content=\"https:\/\/rudasrend.hu\/?page_id=95\" \/>\n<meta property=\"og:site_name\" content=\"Rudas-rend\" \/>\n<meta property=\"article:modified_time\" content=\"2023-07-08T13:07:51+00:00\" \/>\n<meta property=\"og:image\" content=\"http:\/\/rudasrend.hu\/wp-content\/uploads\/2023\/07\/RR-20210706.jpg\" \/>\n<meta name=\"twitter:card\" content=\"summary_large_image\" \/>\n<meta name=\"twitter:label1\" content=\"Becs\u00fclt olvas\u00e1si id\u0151\" \/>\n\t<meta name=\"twitter:data1\" content=\"2 perc\" \/>\n<script type=\"application\/ld+json\" class=\"yoast-schema-graph\">{\"@context\":\"https:\/\/schema.org\",\"@graph\":[{\"@type\":\"WebPage\",\"@id\":\"https:\/\/rudasrend.hu\/?page_id=95\",\"url\":\"https:\/\/rudasrend.hu\/?page_id=95\",\"name\":\"2021.07.06. - Rudas-rend\",\"isPartOf\":{\"@id\":\"https:\/\/rudasrend.hu\/#website\"},\"primaryImageOfPage\":{\"@id\":\"https:\/\/rudasrend.hu\/?page_id=95#primaryimage\"},\"image\":{\"@id\":\"https:\/\/rudasrend.hu\/?page_id=95#primaryimage\"},\"thumbnailUrl\":\"http:\/\/rudasrend.hu\/wp-content\/uploads\/2023\/07\/RR-20210706.jpg\",\"datePublished\":\"2023-07-08T12:38:43+00:00\",\"dateModified\":\"2023-07-08T13:07:51+00:00\",\"breadcrumb\":{\"@id\":\"https:\/\/rudasrend.hu\/?page_id=95#breadcrumb\"},\"inLanguage\":\"hu\",\"potentialAction\":[{\"@type\":\"ReadAction\",\"target\":[\"https:\/\/rudasrend.hu\/?page_id=95\"]}]},{\"@type\":\"ImageObject\",\"inLanguage\":\"hu\",\"@id\":\"https:\/\/rudasrend.hu\/?page_id=95#primaryimage\",\"url\":\"http:\/\/rudasrend.hu\/wp-content\/uploads\/2023\/07\/RR-20210706.jpg\",\"contentUrl\":\"http:\/\/rudasrend.hu\/wp-content\/uploads\/2023\/07\/RR-20210706.jpg\"},{\"@type\":\"BreadcrumbList\",\"@id\":\"https:\/\/rudasrend.hu\/?page_id=95#breadcrumb\",\"itemListElement\":[{\"@type\":\"ListItem\",\"position\":1,\"name\":\"Home\",\"item\":\"https:\/\/rudasrend.hu\/\"},{\"@type\":\"ListItem\",\"position\":2,\"name\":\"Tal\u00e1lkoz\u00f3k\",\"item\":\"https:\/\/rudasrend.hu\/?page_id=72\"},{\"@type\":\"ListItem\",\"position\":3,\"name\":\"2021.07.06.\"}]},{\"@type\":\"WebSite\",\"@id\":\"https:\/\/rudasrend.hu\/#website\",\"url\":\"https:\/\/rudasrend.hu\/\",\"name\":\"Rudas-rend\",\"description\":\"\",\"potentialAction\":[{\"@type\":\"SearchAction\",\"target\":{\"@type\":\"EntryPoint\",\"urlTemplate\":\"https:\/\/rudasrend.hu\/?s={search_term_string}\"},\"query-input\":{\"@type\":\"PropertyValueSpecification\",\"valueRequired\":true,\"valueName\":\"search_term_string\"}}],\"inLanguage\":\"hu\"}]}<\/script>\n<!-- \/ Yoast SEO plugin. -->","yoast_head_json":{"title":"2021.07.06. - Rudas-rend","robots":{"index":"index","follow":"follow","max-snippet":"max-snippet:-1","max-image-preview":"max-image-preview:large","max-video-preview":"max-video-preview:-1"},"canonical":"https:\/\/rudasrend.hu\/?page_id=95","og_locale":"hu_HU","og_type":"article","og_title":"2021.07.06. - Rudas-rend","og_description":"Sz\u00fclet\u00e9s\u00e9nek centen\u00e1rium\u00e1n az FTC, az FTC Bar\u00e1ti K\u00f6r \u00e9s a Rudas-rend tagjai term\u00e9szetesen nem feledkeztek meg Rudas Ferencr\u0151l. \u00d6sszegy\u0171ltek a s\u00edrj\u00e1n\u00e1l \u00e9s elhelyezt\u00e9k koszor\u00faikat. A rajong\u00e1sig szeretett klub, a Ferencv\u00e1rosi Torna Club nev\u00e9ben Orosz P\u00e1l, az FTC Bar\u00e1ti K\u00f6r nev\u00e9ben &hellip; Egy kattint\u00e1s ide a folytat\u00e1shoz.... &rarr;","og_url":"https:\/\/rudasrend.hu\/?page_id=95","og_site_name":"Rudas-rend","article_modified_time":"2023-07-08T13:07:51+00:00","og_image":[{"url":"http:\/\/rudasrend.hu\/wp-content\/uploads\/2023\/07\/RR-20210706.jpg","type":"","width":"","height":""}],"twitter_card":"summary_large_image","twitter_misc":{"Becs\u00fclt olvas\u00e1si id\u0151":"2 perc"},"schema":{"@context":"https:\/\/schema.org","@graph":[{"@type":"WebPage","@id":"https:\/\/rudasrend.hu\/?page_id=95","url":"https:\/\/rudasrend.hu\/?page_id=95","name":"2021.07.06. - Rudas-rend","isPartOf":{"@id":"https:\/\/rudasrend.hu\/#website"},"primaryImageOfPage":{"@id":"https:\/\/rudasrend.hu\/?page_id=95#primaryimage"},"image":{"@id":"https:\/\/rudasrend.hu\/?page_id=95#primaryimage"},"thumbnailUrl":"http:\/\/rudasrend.hu\/wp-content\/uploads\/2023\/07\/RR-20210706.jpg","datePublished":"2023-07-08T12:38:43+00:00","dateModified":"2023-07-08T13:07:51+00:00","breadcrumb":{"@id":"https:\/\/rudasrend.hu\/?page_id=95#breadcrumb"},"inLanguage":"hu","potentialAction":[{"@type":"ReadAction","target":["https:\/\/rudasrend.hu\/?page_id=95"]}]},{"@type":"ImageObject","inLanguage":"hu","@id":"https:\/\/rudasrend.hu\/?page_id=95#primaryimage","url":"http:\/\/rudasrend.hu\/wp-content\/uploads\/2023\/07\/RR-20210706.jpg","contentUrl":"http:\/\/rudasrend.hu\/wp-content\/uploads\/2023\/07\/RR-20210706.jpg"},{"@type":"BreadcrumbList","@id":"https:\/\/rudasrend.hu\/?page_id=95#breadcrumb","itemListElement":[{"@type":"ListItem","position":1,"name":"Home","item":"https:\/\/rudasrend.hu\/"},{"@type":"ListItem","position":2,"name":"Tal\u00e1lkoz\u00f3k","item":"https:\/\/rudasrend.hu\/?page_id=72"},{"@type":"ListItem","position":3,"name":"2021.07.06."}]},{"@type":"WebSite","@id":"https:\/\/rudasrend.hu\/#website","url":"https:\/\/rudasrend.hu\/","name":"Rudas-rend","description":"","potentialAction":[{"@type":"SearchAction","target":{"@type":"EntryPoint","urlTemplate":"https:\/\/rudasrend.hu\/?s={search_term_string}"},"query-input":{"@type":"PropertyValueSpecification","valueRequired":true,"valueName":"search_term_string"}}],"inLanguage":"hu"}]}},"_links":{"self":[{"href":"https:\/\/rudasrend.hu\/index.php?rest_route=\/wp\/v2\/pages\/95","targetHints":{"allow":["GET"]}}],"collection":[{"href":"https:\/\/rudasrend.hu\/index.php?rest_route=\/wp\/v2\/pages"}],"about":[{"href":"https:\/\/rudasrend.hu\/index.php?rest_route=\/wp\/v2\/types\/page"}],"author":[{"embeddable":true,"href":"https:\/\/rudasrend.hu\/index.php?rest_route=\/wp\/v2\/users\/1"}],"replies":[{"embeddable":true,"href":"https:\/\/rudasrend.hu\/index.php?rest_route=%2Fwp%2Fv2%2Fcomments&post=95"}],"version-history":[{"count":2,"href":"https:\/\/rudasrend.hu\/index.php?rest_route=\/wp\/v2\/pages\/95\/revisions"}],"predecessor-version":[{"id":104,"href":"https:\/\/rudasrend.hu\/index.php?rest_route=\/wp\/v2\/pages\/95\/revisions\/104"}],"up":[{"embeddable":true,"href":"https:\/\/rudasrend.hu\/index.php?rest_route=\/wp\/v2\/pages\/72"}],"wp:attachment":[{"href":"https:\/\/rudasrend.hu\/index.php?rest_route=%2Fwp%2Fv2%2Fmedia&parent=95"}],"curies":[{"name":"wp","href":"https:\/\/api.w.org\/{rel}","templated":true}]}}